{"id":2170,"date":"2021-08-21T23:21:20","date_gmt":"2021-08-21T23:21:20","guid":{"rendered":"https:\/\/apostroph.es\/?page_id=2170"},"modified":"2021-08-21T23:21:24","modified_gmt":"2021-08-21T23:21:24","slug":"proteccion-de-datos","status":"publish","type":"page","link":"https:\/\/apostroph.es\/ca\/proteccion-de-datos\/","title":{"rendered":"Protecci\u00f3 de dades"},"content":{"rendered":"<h1 class=\"wp-block-heading\"><\/h1><p>De conformitat amb el que es disposa a l'article 5 apartat 1 de la Llei org\u00e0nica 15\/1999, de 13 de desembre, de Protecci\u00f3 de Dades de car\u00e0cter Personal, l'informem del seg\u00fcent:<\/p><h3 class=\"wp-block-heading\">&nbsp;<\/h3><h3 class=\"wp-block-heading\">Respondable del Fitxer<\/h3><p>Les dades del responsable dels fitxers als quals s'inclouran dades personals recollits i tractats des d'aquesta p\u00e0gina web s\u00f3n:<br>APOSTROPH EDICIONS I PROPOSTES CULTURALS SLU<br>Mas Postius,5, 08505, Barcelona<br>+34 624 21 01 54<br><a href=\"mailto:apostroph@apostroph.cat\">apostroph@apostroph.cat<\/a><\/p><h3 class=\"wp-block-heading\">&nbsp;<\/h3><h3 class=\"wp-block-heading\">Usos i Finalitats de les Dades Recollides<\/h3><p>Les dades que Vost\u00e8 ens facilita a trav\u00e9s d'aquesta web, formaran part de fitxers titularitat de RA\u00d3 SOCIAL DE L'EDITORIAL, sent les finalitats  les que es detallen a continuaci\u00f3:<\/p><ul class=\"wp-block-list\"><li>Gesti\u00f3 de Venda: Quan adquireix un producte a trav\u00e9s de la nostra web, les dades facilitades a les apartades \u201cdades d'enviament\u201d i \u201cdades de facturaci\u00f3\u201d, en el seu cas, s'utilitzaran per a dur a terme la tramitaci\u00f3 i gesti\u00f3 de la venda i la seva posterior facturaci\u00f3. <\/li><li>Realitzar Ofertes, Promocions i Sortejos: La informaci\u00f3 que Vost\u00e8 ens proporcioni a trav\u00e9s dels nostres formularis de recollida de dades, podr\u00e0  ser utilitzada per a l'organitzaci\u00f3 de promocions i sortejos de productes comercialitzats a trav\u00e9s de la nostra p\u00e0gina web. Cada promoci\u00f3, oferta o sorteig comptar\u00e0 amb les seves pr\u00f2pies condicions particulars<\/li><li>Enviament d'Informaci\u00f3: L'EDITORIAL utilitzar\u00e0 les dades personals que l'usuari proporcioni en l'apartat \u201ccontacti amb nosaltres\u201d per a respondre a les sol\u00b7licituds d'informaci\u00f3 que ens sol\u00b7liciti.  La informaci\u00f3 introdu\u00efda en els formularis o correus electr\u00f2nics de contacte s'emprar\u00e0 a m\u00e9s, per a enviar-li informaci\u00f3 d'inter\u00e8s sobre les novetats dels productes comercialitzats, aix\u00ed com promocions, concursos i ofertes realitzades per l'EDITORIAL. Aquesta informaci\u00f3 s'envia per via postal i\/o electr\u00f2nica. Els usuaris que no desitgen rebre aquest tipus d'informaci\u00f3 poden comunicar-lo a l'adre\u00e7a de correu electr\u00f2nic: EMAIL DE CONTACTE.<\/li><li>Gesti\u00f3 d'Usuaris: La informaci\u00f3 que ens proporcioni en el formulari de registre \u201cel meu compte\u201d ser\u00e0 utilitzat per a la gesti\u00f3 de clients i usuaris que utilitzin els nostres serveis a trav\u00e9s de la p\u00e0gina web.<\/li><li>L'emplenament dels respectius q\u00fcestionaris ser\u00e0 obligat\u00f2ria per a aconseguir els respectius objectius, no sent possible aconseguir els fins indicats sense l'obtenci\u00f3 de la referida informaci\u00f3 personal.<\/li><\/ul><h3 class=\"wp-block-heading\">&nbsp;<\/h3><h3 class=\"wp-block-heading\">Comunicaci\u00f3 de Dades a Tercers<\/h3><p>El Responsable del Fitxer t\u00e9 previst la comunicaci\u00f3 de les seves dades personals a tercers als sup\u00f2sits que es detallen a continuaci\u00f3:<\/p><ul class=\"wp-block-list\"><li>Per disposici\u00f3 legal: Les seves dades seran comunicades a tercers als sup\u00f2sits als quals una disposici\u00f3 legal aix\u00ed ho estableixi (administracions p\u00fabliques, autoritats administratives o judicials\u2026etc.).<\/li><li>Gesti\u00f3 de pagaments i cobraments: Les seves dades personals seran comunicats a tercers quan resulti necessari per a formalitzar i gestionar el pagament dels productes o serveis adquirits (paypal, entitats banc\u00e0ries o caixes d'estalvis).<\/li><li>A Tercers Necessaris per a la Prestaci\u00f3 dels nostres Serveis: es comunicaran a tercers (administracions p\u00fabliques, registres oficials o altres professionals com a notaris\u2026etc) les dades de car\u00e0cter personal que resultin necessaris per a prestar els serveis contractats.<\/li><li>Guanyadors de Sortejos, Promocions i Concursos: L'EDITORIAL publicar\u00e0 les dades identificatives dels guanyadors de sortejos, promocions o concursos. Aquestes dades (noms), seran publicats a la nostra p\u00e0gina web i a les diverses xarxes socials en les quals L'EDITORIAL tingui compte o perfil corporatiu.<\/li><\/ul><h3 class=\"wp-block-heading\">&nbsp;<\/h3><h3 class=\"wp-block-heading\">Confidencialitat<\/h3><p><span style=\"font-size: revert;\">L'EDITORIAL s'obliga, d'acord estableix l'article 10 LOPD, a guardar secret respecte a les dades personals tractats, encara despr\u00e9s de finalitzada la relaci\u00f3 comercial entre totes dues parts, havent d'estendre aquesta obligaci\u00f3 a tot el personal de la seva organitzaci\u00f3 que accedeixi a aquests fitxers.<\/span><\/p><h3 class=\"wp-block-heading\">&nbsp;<\/h3><h3 class=\"wp-block-heading\">Exercici de Drets<\/h3><p>L'informem del dret que li assisteix per a exercir els seus Drets d'acc\u00e9s, rectificaci\u00f3, cancel\u00b7laci\u00f3 i oposici\u00f3 mitjan\u00e7ant l'enviament de la sol\u00b7licitud d'exercici corresponent juntament amb c\u00f2pia del document oficial que li identifiqui (DNI, perm\u00eds de conduir o passaport) a l'adre\u00e7a de de el Responsable del Fitxer. Per a recaptar informaci\u00f3 sobre la manera d'exercir aquests drets Vost\u00e8 pot dirigir-se a la p\u00e0gina web de l'Ag\u00e8ncia Espanyola de Protecci\u00f3 de Dades:&nbsp;&nbsp;<a href=\"http:\/\/www.agpd.es\/\" target=\"_blank\" rel=\"noreferrer noopener\">www.agpd.es<\/a><\/p>","protected":false},"excerpt":{"rendered":"<p>De conformidad con lo dispuesto en el art\u00edculo 5 apartado 1 de la Ley Org\u00e1nica 15\/1999, de 13 de diciembre, de Protecci\u00f3n de Datos de car\u00e1cter Personal, le informamos de [&hellip;]<\/p>","protected":false},"author":1,"featured_media":0,"parent":0,"menu_order":0,"comment_status":"closed","ping_status":"closed","template":"","meta":{"ub_ctt_via":"","footnotes":""},"class_list":["post-2170","page","type-page","status-publish","hentry"],"featured_image_urls_v2":{"full":"","thumbnail":"","medium":"","medium_large":"","large":"","1536x1536":"","2048x2048":"","trp-custom-language-flag":"","mailpoet_newsletter_max":"","woocommerce_thumbnail":"","woocommerce_single":"","woocommerce_gallery_thumbnail":""},"post_excerpt_stackable_v2":"<p>De conformidad con lo dispuesto en el art\u00edculo 5 apartado 1 de la Ley Org\u00e1nica 15\/1999, de 13 de diciembre, de Protecci\u00f3n de Datos de car\u00e1cter Personal, le informamos de lo siguiente:&nbsp;Responsable del FicheroLos datos del responsable de los ficheros en los que se incluir\u00e1n datos personales recogidos y tratados desde esta p\u00e1gina web son:APOSTROPH EDICIONS I PROPOSTES CULTURALS SLUMas Postius,5, 08505, Barcelona+34 624 21 01 54apostroph@apostroph.cat&nbsp;Usos y Finalidades de los Datos RecogidosLos datos que Vd. nos facilita a trav\u00e9s de esta web, formar\u00e1n parte de ficheros titularidad de RAZON SOCIAL DE LA EDITORIAL, siendo las finalidades\u00a0 las que se&hellip;<\/p>\n","category_list_v2":"","author_info_v2":{"name":false,"url":"https:\/\/apostroph.es\/ca\/author\/admin\/"},"comments_num_v2":"0 comments","featured_image_src":null,"_links":{"self":[{"href":"https:\/\/apostroph.es\/ca\/wp-json\/wp\/v2\/pages\/2170","targetHints":{"allow":["GET"]}}],"collection":[{"href":"https:\/\/apostroph.es\/ca\/wp-json\/wp\/v2\/pages"}],"about":[{"href":"https:\/\/apostroph.es\/ca\/wp-json\/wp\/v2\/types\/page"}],"author":[{"embeddable":true,"href":"https:\/\/apostroph.es\/ca\/wp-json\/wp\/v2\/users\/1"}],"replies":[{"embeddable":true,"href":"https:\/\/apostroph.es\/ca\/wp-json\/wp\/v2\/comments?post=2170"}],"version-history":[{"count":1,"href":"https:\/\/apostroph.es\/ca\/wp-json\/wp\/v2\/pages\/2170\/revisions"}],"predecessor-version":[{"id":2171,"href":"https:\/\/apostroph.es\/ca\/wp-json\/wp\/v2\/pages\/2170\/revisions\/2171"}],"wp:attachment":[{"href":"https:\/\/apostroph.es\/ca\/wp-json\/wp\/v2\/media?parent=2170"}],"curies":[{"name":"wp","href":"https:\/\/api.w.org\/{rel}","templated":true}]}}