{"id":2176,"date":"2021-08-21T23:35:34","date_gmt":"2021-08-21T23:35:34","guid":{"rendered":"https:\/\/apostroph.es\/?page_id=2176"},"modified":"2023-01-19T19:59:58","modified_gmt":"2023-01-19T19:59:58","slug":"nosotros","status":"publish","type":"page","link":"https:\/\/apostroph.es\/ca\/nosotros\/","title":{"rendered":"Nosaltres"},"content":{"rendered":"<p><\/p><p class=\"translation-block\">Apostroph neix inspirada per l'hist\u00f2ric programa de la televisi\u00f3 francesa Apostrophes, de Bernard Pivot. En Apostrophes els llibres tan sols eren una excusa per a reunir els millors intel\u00b7lectuals del seu temps, creant un espai cultural en televisi\u00f3 lliure i cr\u00edtic. Amb aquesta mateixa filosofia fem els llibres en Apostroph. Volem ser un pont entre el carrer i l'acad\u00e8mia, entre el bar i els mitjans. Busquem les noves veus que ens aportin una nova perspectiva de la realitat social. Ens interessa el conflicte (social, cultural, pol\u00edtic...) i som all\u00e0 on es presenti.<\/p><figure class=\"wp-block-image size-full\"><img fetchpriority=\"high\" decoding=\"async\" width=\"968\" height=\"545\" src=\"https:\/\/apostroph.es\/wp-content\/uploads\/2023\/01\/apostrophes.jpg\" alt=\"\" class=\"wp-image-2464\" srcset=\"https:\/\/apostroph.es\/wp-content\/uploads\/2023\/01\/apostrophes.jpg 968w, https:\/\/apostroph.es\/wp-content\/uploads\/2023\/01\/apostrophes-300x169.jpg 300w, https:\/\/apostroph.es\/wp-content\/uploads\/2023\/01\/apostrophes-768x432.jpg 768w, https:\/\/apostroph.es\/wp-content\/uploads\/2023\/01\/apostrophes-18x10.jpg 18w, https:\/\/apostroph.es\/wp-content\/uploads\/2023\/01\/apostrophes-600x338.jpg 600w\" sizes=\"(max-width: 968px) 100vw, 968px\" \/><\/figure><p>Apostroph est\u00e0 formada per Patricia Castro i Bernat Ruiz Dom\u00e8nech.<\/p>","protected":false},"excerpt":{"rendered":"<p>Apostroph nace inspirada por el hist\u00f3rico programa de la televisi\u00f3n francesa Apostrophes, de Bernard Pivot. En Apostrophes los libros tan solo eran una excusa para reunir a los mejores intelectuales [&hellip;]<\/p>","protected":false},"author":1,"featured_media":0,"parent":0,"menu_order":0,"comment_status":"closed","ping_status":"closed","template":"","meta":{"ub_ctt_via":"","footnotes":""},"class_list":["post-2176","page","type-page","status-publish","hentry"],"featured_image_urls_v2":{"full":"","thumbnail":"","medium":"","medium_large":"","large":"","1536x1536":"","2048x2048":"","trp-custom-language-flag":"","mailpoet_newsletter_max":"","woocommerce_thumbnail":"","woocommerce_single":"","woocommerce_gallery_thumbnail":""},"post_excerpt_stackable_v2":"<p>Apostroph nace inspirada por el hist\u00f3rico programa de la televisi\u00f3n francesa Apostrophes, de Bernard Pivot. En Apostrophes los libros tan solo eran una excusa para reunir a los mejores intelectuales de su tiempo, creando un espacio cultural en televisi\u00f3n libre y cr\u00edtico. Con esa misma filosof\u00eda hacemos los libros en Apostroph. Queremos ser un puente entre la calle y la academia, entre el bar y los medios. Buscamos las nuevas voces que nos aporten una nueva perspectiva de la realidad social. Nos interesa el conflicto (social, cultural, pol\u00edtico&#8230;) y estamos all\u00ed donde se presente.Apostroph est\u00e1 formada por Patricia Castro y&hellip;<\/p>\n","category_list_v2":"","author_info_v2":{"name":false,"url":"https:\/\/apostroph.es\/ca\/author\/admin\/"},"comments_num_v2":"0 comments","featured_image_src":null,"_links":{"self":[{"href":"https:\/\/apostroph.es\/ca\/wp-json\/wp\/v2\/pages\/2176","targetHints":{"allow":["GET"]}}],"collection":[{"href":"https:\/\/apostroph.es\/ca\/wp-json\/wp\/v2\/pages"}],"about":[{"href":"https:\/\/apostroph.es\/ca\/wp-json\/wp\/v2\/types\/page"}],"author":[{"embeddable":true,"href":"https:\/\/apostroph.es\/ca\/wp-json\/wp\/v2\/users\/1"}],"replies":[{"embeddable":true,"href":"https:\/\/apostroph.es\/ca\/wp-json\/wp\/v2\/comments?post=2176"}],"version-history":[{"count":6,"href":"https:\/\/apostroph.es\/ca\/wp-json\/wp\/v2\/pages\/2176\/revisions"}],"predecessor-version":[{"id":2466,"href":"https:\/\/apostroph.es\/ca\/wp-json\/wp\/v2\/pages\/2176\/revisions\/2466"}],"wp:attachment":[{"href":"https:\/\/apostroph.es\/ca\/wp-json\/wp\/v2\/media?parent=2176"}],"curies":[{"name":"wp","href":"https:\/\/api.w.org\/{rel}","templated":true}]}}