{"id":2013,"date":"2021-07-29T14:28:03","date_gmt":"2021-07-29T14:28:03","guid":{"rendered":"https:\/\/apostroph.es\/?post_type=product&#038;p=2013"},"modified":"2021-07-29T14:56:56","modified_gmt":"2021-07-29T14:56:56","slug":"contes-de-terror-3","status":"publish","type":"product","link":"https:\/\/apostroph.es\/ca\/product\/contes-de-terror-3\/","title":{"rendered":"Contes de Terror 3"},"content":{"rendered":"<p>El 1816, Lord Byron va llogar la vil\u00b7la Diodati, prop del llac Leman, per passar-hi una temporada i va convidar tres amics: el poeta Percy Shelley, la seva futura esposa Mary, i el doctor Polidori. 1816 es coneix a Europa com l\u2019any sense estiu. Les erupcions del Tambora van tenir conseq\u00fc\u00e8ncies clim\u00e0tiques arreu del m\u00f3n. La pluja incessant i les vetllades de tempesta van incitar els quatre personatges a explicar-se i escriure relats de terror. D\u2019aquestes nits neix<em> El vampir<\/em>, de Polidori; un malson inspira Mary Shelley a escriure un cl\u00e0ssic de la literatura universal amb un dels personatges m\u00e9s ic\u00f2nics de la cultura popular: <em>Frankenstein o el modern Prometeu<\/em>, novel\u00b7la publicada el 1818.<\/p>\n<p>El petit poble de Torrebesses no t\u00e9 llac i els estius hi s\u00f3n t\u00f2rrids i secs per\u00f2, entre el seu notable conjunt arquitect\u00f2nic, destaca una construcci\u00f3 monumental, el Castell palau, considerat B\u00e9 Cultural d\u2019Inter\u00e8s Nacional amb mil anys d\u2019hist\u00f2ria. Aquest casalot imponent reflecteix cada tardor l\u2019ombra de Vil\u00b7la Diodati. L\u2019editorial Apostroph hi tanca durant un cap de setmana quatre escriptors amb el repte de crear cadasc\u00fa un conte terror\u00edfic inspirat en el mateix castell o en el poble de Torrebesses, ple de llegendes relacionades amb les bruixes.<\/p>","protected":false},"excerpt":{"rendered":"<p>Versi\u00f3 en catal\u00e0<\/p>\n<p>El novembre de 2018, Mario Urrea, l\u2019alcalde de Torrebesses, va donar el tret de sortida al III Festival de Literatura de Terror, Torrebesses Tremola. Alexandra Cuadrat, Andrea Jofre, Pep Prieto i Adri\u00e0 Pujol Cruells van tenir la gentilesa d\u2019acceptar el repte. Heus aqu\u00ed els seus relats.<\/p>","protected":false},"featured_media":2014,"template":"","meta":{"ub_ctt_via":""},"product_brand":[],"product_cat":[194],"product_tag":[],"class_list":{"0":"post-2013","1":"product","2":"type-product","3":"status-publish","4":"has-post-thumbnail","6":"product_author-adria-pujol-cruells","7":"product_author-alexandra-cuadrat","8":"product_author-andrea-jofre","9":"product_author-pep-prieto","10":"product_cat-cuentos","12":"first","13":"instock","14":"taxable","15":"shipping-taxable","16":"purchasable","17":"product-type-simple"},"featured_image_urls_v2":{"full":["https:\/\/apostroph.es\/wp-content\/uploads\/2021\/07\/CONTETERROR-1.jpg",973,1381,false],"thumbnail":["https:\/\/apostroph.es\/wp-content\/uploads\/2021\/07\/CONTETERROR-1-150x150.jpg",150,150,true],"medium":["https:\/\/apostroph.es\/wp-content\/uploads\/2021\/07\/CONTETERROR-1-211x300.jpg",211,300,true],"medium_large":["https:\/\/apostroph.es\/wp-content\/uploads\/2021\/07\/CONTETERROR-1-768x1090.jpg",768,1090,true],"large":["https:\/\/apostroph.es\/wp-content\/uploads\/2021\/07\/CONTETERROR-1-721x1024.jpg",721,1024,true],"1536x1536":["https:\/\/apostroph.es\/wp-content\/uploads\/2021\/07\/CONTETERROR-1.jpg",973,1381,false],"2048x2048":["https:\/\/apostroph.es\/wp-content\/uploads\/2021\/07\/CONTETERROR-1.jpg",973,1381,false],"trp-custom-language-flag":["https:\/\/apostroph.es\/wp-content\/uploads\/2021\/07\/CONTETERROR-1-8x12.jpg",8,12,true],"mailpoet_newsletter_max":["https:\/\/apostroph.es\/wp-content\/uploads\/2021\/07\/CONTETERROR-1.jpg",973,1381,false],"woocommerce_thumbnail":["https:\/\/apostroph.es\/wp-content\/uploads\/2021\/07\/CONTETERROR-1-600x852.jpg",600,852,true],"woocommerce_single":["https:\/\/apostroph.es\/wp-content\/uploads\/2021\/07\/CONTETERROR-1-600x852.jpg",600,852,true],"woocommerce_gallery_thumbnail":["https:\/\/apostroph.es\/wp-content\/uploads\/2021\/07\/CONTETERROR-1-100x100.jpg",100,100,true]},"post_excerpt_stackable_v2":"<p><em><strong>Versi\u00f3n en catal\u00e1n<\/strong><\/em><\/p>\n<p>En noviembre de 2018, Mario Urrea, el alcalde de Torrebesses, dio el pistoletazo de salida al III Festival de Literatura de Terror, Torrebesses Tiembla. Alexandra Cuadrat, Andrea Jofre, Pep Prieto y Adri\u00e0 Pujol Cruells tuvieron la gentileza de aceptar el reto. He aqu\u00ed sus relatos.<\/p>\n","category_list_v2":"","author_info_v2":{"name":"","url":""},"comments_num_v2":"0 comments","_links":{"self":[{"href":"https:\/\/apostroph.es\/ca\/wp-json\/wp\/v2\/product\/2013","targetHints":{"allow":["GET"]}}],"collection":[{"href":"https:\/\/apostroph.es\/ca\/wp-json\/wp\/v2\/product"}],"about":[{"href":"https:\/\/apostroph.es\/ca\/wp-json\/wp\/v2\/types\/product"}],"wp:featuredmedia":[{"embeddable":true,"href":"https:\/\/apostroph.es\/ca\/wp-json\/wp\/v2\/media\/2014"}],"wp:attachment":[{"href":"https:\/\/apostroph.es\/ca\/wp-json\/wp\/v2\/media?parent=2013"}],"wp:term":[{"taxonomy":"product_brand","embeddable":true,"href":"https:\/\/apostroph.es\/ca\/wp-json\/wp\/v2\/product_brand?post=2013"},{"taxonomy":"product_cat","embeddable":true,"href":"https:\/\/apostroph.es\/ca\/wp-json\/wp\/v2\/product_cat?post=2013"},{"taxonomy":"product_tag","embeddable":true,"href":"https:\/\/apostroph.es\/ca\/wp-json\/wp\/v2\/product_tag?post=2013"}],"curies":[{"name":"wp","href":"https:\/\/api.w.org\/{rel}","templated":true}]}}