{"id":2039,"date":"2021-08-04T11:52:21","date_gmt":"2021-08-04T11:52:21","guid":{"rendered":"https:\/\/apostroph.es\/?post_type=product&#038;p=2039"},"modified":"2021-08-04T11:52:21","modified_gmt":"2021-08-04T11:52:21","slug":"scrap-mortal","status":"publish","type":"product","link":"https:\/\/apostroph.es\/ca\/product\/scrap-mortal\/","title":{"rendered":"Scrap mortal"},"content":{"rendered":"<p>Scrap mortal ens endinsa entre els bastidors de l'univers de l'scrapbooking, on venjances i ranc\u00fanies s\u00f3n a l'ordre del dia. Un entorn creatiu i de fantasia que s'entrella\u00e7a amb el m\u00f3n del b\u00e0squet i amb la diplom\u00e0cia nord-americana al voltant de la investigaci\u00f3 sobre la vida de la v\u00edctima. Scrap mortal \u00e9s una hist\u00f2ria trepidant a la ca\u00e7a d'un assass\u00ed, intel.ligent, que sap esborrar molt b\u00e9 les seves pistes. El comissari Cerni Llop formar\u00e0 de nou un t\u00e0ndem explosiu amb l'ex-batlle Masoliver, ancorat com sempre en el passat de les tradicions andorranes, que no s'estar\u00e0 d'expressar en veu alta les seves opinions per a gran exasperaci\u00f3 d'en Cerni. No hi ha ning\u00fa com ell per posar el dit a la nafra.<\/p>\n<p>Scrap mortal \u00e9s la segona novel\u00b7la de misteri de Ludmilla Lacueva Canut. L'autora s'endinsa dins del m\u00f3n de l'scrapbooking amb les seves enveges i ressentiments que esdevindran mortals en un decorat que sembla perfecte.<\/p>","protected":false},"excerpt":{"rendered":"<p>Versi\u00f3 en catal\u00e0<\/p>\n<p>Les millors professionals del m\u00f3n de l'scrapbooking es donen cita a Andorra per assistir al primer congr\u00e9s que se celebra al pa\u00eds. La descoberta al llac d'Engolasters del cad\u00e0ver d'una scrapera molt famosa trasbalsar\u00e0 als assistents d'aquesta trobada i a la presidenta del club, la forense Maria Sastre, que demanar\u00e0 ajuda al comissari Cerni Llop.<\/p>","protected":false},"featured_media":2038,"template":"","meta":{"ub_ctt_via":""},"product_brand":[],"product_cat":[209],"product_tag":[],"class_list":{"0":"post-2039","1":"product","2":"type-product","3":"status-publish","4":"has-post-thumbnail","6":"product_author-ludmilla-lacueva-canut","7":"product_cat-narrativa","9":"first","10":"instock","11":"taxable","12":"shipping-taxable","13":"purchasable","14":"product-type-simple"},"featured_image_urls_v2":{"full":["https:\/\/apostroph.es\/wp-content\/uploads\/2021\/08\/SCRAP.jpg",875,1240,false],"thumbnail":["https:\/\/apostroph.es\/wp-content\/uploads\/2021\/08\/SCRAP-150x150.jpg",150,150,true],"medium":["https:\/\/apostroph.es\/wp-content\/uploads\/2021\/08\/SCRAP-212x300.jpg",212,300,true],"medium_large":["https:\/\/apostroph.es\/wp-content\/uploads\/2021\/08\/SCRAP-768x1088.jpg",768,1088,true],"large":["https:\/\/apostroph.es\/wp-content\/uploads\/2021\/08\/SCRAP-723x1024.jpg",723,1024,true],"1536x1536":["https:\/\/apostroph.es\/wp-content\/uploads\/2021\/08\/SCRAP.jpg",875,1240,false],"2048x2048":["https:\/\/apostroph.es\/wp-content\/uploads\/2021\/08\/SCRAP.jpg",875,1240,false],"trp-custom-language-flag":["https:\/\/apostroph.es\/wp-content\/uploads\/2021\/08\/SCRAP-8x12.jpg",8,12,true],"mailpoet_newsletter_max":["https:\/\/apostroph.es\/wp-content\/uploads\/2021\/08\/SCRAP.jpg",875,1240,false],"woocommerce_thumbnail":["https:\/\/apostroph.es\/wp-content\/uploads\/2021\/08\/SCRAP-600x850.jpg",600,850,true],"woocommerce_single":["https:\/\/apostroph.es\/wp-content\/uploads\/2021\/08\/SCRAP-600x850.jpg",600,850,true],"woocommerce_gallery_thumbnail":["https:\/\/apostroph.es\/wp-content\/uploads\/2021\/08\/SCRAP-100x100.jpg",100,100,true]},"post_excerpt_stackable_v2":"<p><strong><em>Versi\u00f3n en catal\u00e1n<\/em><\/strong><\/p>\n<p>Las mejores profesionales del mundo del scrapbooking se dan cita en Andorra para asistir al primer congreso que se celebra en el pa\u00eds. El descubrimiento en el lago de Engolasters del cad\u00e1ver de una scrapera muy famosa trastornar\u00e1 a los asistentes de este encuentro y a la presidenta del club, la forense Maria Sastre, que pedir\u00e1 ayuda al comisario Cerni Llop.<\/p>\n","category_list_v2":"","author_info_v2":{"name":"","url":""},"comments_num_v2":"0 comments","_links":{"self":[{"href":"https:\/\/apostroph.es\/ca\/wp-json\/wp\/v2\/product\/2039","targetHints":{"allow":["GET"]}}],"collection":[{"href":"https:\/\/apostroph.es\/ca\/wp-json\/wp\/v2\/product"}],"about":[{"href":"https:\/\/apostroph.es\/ca\/wp-json\/wp\/v2\/types\/product"}],"wp:featuredmedia":[{"embeddable":true,"href":"https:\/\/apostroph.es\/ca\/wp-json\/wp\/v2\/media\/2038"}],"wp:attachment":[{"href":"https:\/\/apostroph.es\/ca\/wp-json\/wp\/v2\/media?parent=2039"}],"wp:term":[{"taxonomy":"product_brand","embeddable":true,"href":"https:\/\/apostroph.es\/ca\/wp-json\/wp\/v2\/product_brand?post=2039"},{"taxonomy":"product_cat","embeddable":true,"href":"https:\/\/apostroph.es\/ca\/wp-json\/wp\/v2\/product_cat?post=2039"},{"taxonomy":"product_tag","embeddable":true,"href":"https:\/\/apostroph.es\/ca\/wp-json\/wp\/v2\/product_tag?post=2039"}],"curies":[{"name":"wp","href":"https:\/\/api.w.org\/{rel}","templated":true}]}}