{"id":2078,"date":"2021-08-19T22:31:13","date_gmt":"2021-08-19T22:31:13","guid":{"rendered":"https:\/\/apostroph.es\/?post_type=product&#038;p=2078"},"modified":"2021-08-19T22:31:13","modified_gmt":"2021-08-19T22:31:13","slug":"el-protocolo","status":"publish","type":"product","link":"https:\/\/apostroph.es\/ca\/product\/el-protocolo\/","title":{"rendered":"El protocolo"},"content":{"rendered":"<p>A una novel\u00b7la amb estil directe i de f\u00e0cil lectura, l'autor surfeja, amb grans dosis d'humor i ironia, entre els personatges i escenes dels conflictes familiars, a un entorn on el sexe i la gastronomia internacional juguen un important paper. Un llibre de ficci\u00f3 que ajuda a entendre la recessi\u00f3 econ\u00f2mica des d'una nova perspectiva, m\u00e9s enll\u00e0 de l'economia tradicional, i d'una forma molt entretinguda, ir\u00f2nica i fins i tot excitant. Estrat\u00e8gia empresarial d'una empresa familiar en estat pur: lluita de sexes, relleu generacional, frau, evasi\u00f3 i paradisos fiscals. Tot el que no s'ensenya a les business schools, per\u00f2 que s'imposa en la vida real. Futbol, alta cuina i negocis immobiliaris barrejats amb el dia a dia de les activitats d'una fam\u00edlia que podr\u00edem considerar \u00abtradicional\u00bb.<\/p>\n<p>Dins d'aquesta novel\u00b7la s'amaga la clau de l'enfonsament de moltes petites i mitjanes empreses a la vor\u00e0gine de la bombolla immobili\u00e0ria.<\/p>","protected":false},"excerpt":{"rendered":"<p>Versi\u00f3 en castell\u00e0\u00a0 <\/p>\n<p>L'enfonsament d'una empresa familiar a la bombolla immobili\u00e0ria \u00e9s un \u00abjoc de trons\u00bb dels negocis que transcorre abans i durant l'\u00faltima crisi econ\u00f2mica i on les lluites de poder en el si d'una empresa familiar es desenvolupen en tota la seva crueltat.<\/p>","protected":false},"featured_media":2079,"template":"","meta":{"ub_ctt_via":""},"product_brand":[],"product_cat":[209],"product_tag":[],"class_list":{"0":"post-2078","1":"product","2":"type-product","3":"status-publish","4":"has-post-thumbnail","6":"product_author-robert-villesdin","7":"product_cat-narrativa","9":"first","10":"instock","11":"taxable","12":"shipping-taxable","13":"purchasable","14":"product-type-simple"},"featured_image_urls_v2":{"full":["https:\/\/apostroph.es\/wp-content\/uploads\/2021\/08\/ELPROTOCOLO.jpg",886,1240,false],"thumbnail":["https:\/\/apostroph.es\/wp-content\/uploads\/2021\/08\/ELPROTOCOLO-150x150.jpg",150,150,true],"medium":["https:\/\/apostroph.es\/wp-content\/uploads\/2021\/08\/ELPROTOCOLO-214x300.jpg",214,300,true],"medium_large":["https:\/\/apostroph.es\/wp-content\/uploads\/2021\/08\/ELPROTOCOLO-768x1075.jpg",768,1075,true],"large":["https:\/\/apostroph.es\/wp-content\/uploads\/2021\/08\/ELPROTOCOLO-732x1024.jpg",732,1024,true],"1536x1536":["https:\/\/apostroph.es\/wp-content\/uploads\/2021\/08\/ELPROTOCOLO.jpg",886,1240,false],"2048x2048":["https:\/\/apostroph.es\/wp-content\/uploads\/2021\/08\/ELPROTOCOLO.jpg",886,1240,false],"trp-custom-language-flag":["https:\/\/apostroph.es\/wp-content\/uploads\/2021\/08\/ELPROTOCOLO-9x12.jpg",9,12,true],"mailpoet_newsletter_max":["https:\/\/apostroph.es\/wp-content\/uploads\/2021\/08\/ELPROTOCOLO.jpg",886,1240,false],"woocommerce_thumbnail":["https:\/\/apostroph.es\/wp-content\/uploads\/2021\/08\/ELPROTOCOLO-600x840.jpg",600,840,true],"woocommerce_single":["https:\/\/apostroph.es\/wp-content\/uploads\/2021\/08\/ELPROTOCOLO-600x840.jpg",600,840,true],"woocommerce_gallery_thumbnail":["https:\/\/apostroph.es\/wp-content\/uploads\/2021\/08\/ELPROTOCOLO-100x100.jpg",100,100,true]},"post_excerpt_stackable_v2":"<p><strong><em>Versi\u00f3n en castellano\u00a0 <\/em><\/strong><\/p>\n<p>El hundimiento de una empresa familiar en la burbuja inmobiliaria es un \u00abjuego de tronos\u00bb de los negocios que transcurre antes y durante la \u00faltima crisis econ\u00f3mica y donde las luchas de poder en el seno de una empresa familiar se desarrollan en toda su crueldad.<\/p>\n<h3><\/h3>\n","category_list_v2":"","author_info_v2":{"name":"","url":""},"comments_num_v2":"0 comments","_links":{"self":[{"href":"https:\/\/apostroph.es\/ca\/wp-json\/wp\/v2\/product\/2078","targetHints":{"allow":["GET"]}}],"collection":[{"href":"https:\/\/apostroph.es\/ca\/wp-json\/wp\/v2\/product"}],"about":[{"href":"https:\/\/apostroph.es\/ca\/wp-json\/wp\/v2\/types\/product"}],"wp:featuredmedia":[{"embeddable":true,"href":"https:\/\/apostroph.es\/ca\/wp-json\/wp\/v2\/media\/2079"}],"wp:attachment":[{"href":"https:\/\/apostroph.es\/ca\/wp-json\/wp\/v2\/media?parent=2078"}],"wp:term":[{"taxonomy":"product_brand","embeddable":true,"href":"https:\/\/apostroph.es\/ca\/wp-json\/wp\/v2\/product_brand?post=2078"},{"taxonomy":"product_cat","embeddable":true,"href":"https:\/\/apostroph.es\/ca\/wp-json\/wp\/v2\/product_cat?post=2078"},{"taxonomy":"product_tag","embeddable":true,"href":"https:\/\/apostroph.es\/ca\/wp-json\/wp\/v2\/product_tag?post=2078"}],"curies":[{"name":"wp","href":"https:\/\/api.w.org\/{rel}","templated":true}]}}