{"id":2080,"date":"2021-08-19T22:43:06","date_gmt":"2021-08-19T22:43:06","guid":{"rendered":"https:\/\/apostroph.es\/?post_type=product&#038;p=2080"},"modified":"2021-08-19T22:43:07","modified_gmt":"2021-08-19T22:43:07","slug":"cara-a-cara-con-satanas","status":"publish","type":"product","link":"https:\/\/apostroph.es\/ca\/product\/cara-a-cara-con-satanas\/","title":{"rendered":"Cara a cara con Satan\u00e1s"},"content":{"rendered":"<p>Viv\u00e8ncies de Fra Juan Jos\u00e9 Gallego Salvadores, exorcista de l'Arxidi\u00f2cesi de Barcelona. Existeix Satan\u00e0s? En qu\u00e8 consisteix una possessi\u00f3 diab\u00f2lica? S'estan realitzant exorcismes a l'actualitat? Com \u00e9s un aut\u00e8ntic exorcisme de l'Esgl\u00e9sia Cat\u00f2lica? Per qu\u00e8 existeix tant de secretisme en relaci\u00f3 amb aquests temes? Cara a Cara con Satan\u00e1s \u00e9s un llibre revelador, valent, impactant, que et deixar\u00e0 sense al\u00e8 i que respondr\u00e0 a aquestes preguntes i a moltes altres m\u00e9s. Per fi, un tema tab\u00fa en el si de la mateixa Esgl\u00e9sia Cat\u00f2lica queda revelat. Com mai abans, l'autora s'endinsa en el fascinant m\u00f3n dels exorcismes, les possessions diab\u00f2liques i les influ\u00e8ncies demon\u00edaques de mans de l'exorcista de l'Arxidi\u00f2cesi de la ciutat de Barcelona, el dominic Fra Juan Jos\u00e9 Gallego. A unes entrevistes pr\u00f2ximes i personals, l'exorcista Fra Juan Jos\u00e9 Gallego es confessa a l'autora d'aquest llibre revelant detalls i an\u00e8cdotes molt \u00edntimes de la seva experi\u00e8ncia vital. Des de la seva inf\u00e0ncia fins al dia d'avui, que continua incansable lluitant contra el mateix Satan\u00e0s.<\/p>\n<p>A Cara a cara con Satan\u00e1s viur\u00e0s amb l'autora experi\u00e8ncies \u00faniques i irrepetibles. Prepara't a con\u00e8ixer casos reals que et posaran els p\u00e8ls de punta. Pren al\u00e8 i respira\u2026 davant el que llegir\u00e0s. Una hist\u00f2ria tan real que et semblar\u00e0 impossible que sigui certa. Fra Juan Jos\u00e9 Gallego Salvadores Castrillo dels Polvazares (Lle\u00f3), 1940. A l'edat de 13 anys va entrar al seminari menor dels dominics de Cardedeu (Barcelona) i va ser ordenat frare dominic de l'ordre de predicadors en 1965. \u00c9s Doctor en Teologia per la Universitat de Sant Tom\u00e0s d'Aquino (Roma), Llicenciat en Filosofia i lletres per la Universitat de Barcelona i catedr\u00e0tic em\u00e8rit de la Facultat de Val\u00e8ncia. \u00c9s membre fundador de la Societat Internacional Tom\u00e0s d'Aquino (SITUADA) i segueix \u00edntimament vinculat a aquesta. Ha exercit de conseller general del Govern General de l'orde dominic a Roma durant 11 anys i ha estat el Provincial superior de l'orde a Portugal durant 8 anys. La seva activitat a l'Ordre de Predicadors li ha portat a viatjar per mig m\u00f3n. A Espanya va treballar com a Provincial de l'orde dominic d'Arag\u00f3 mentre compaginava la seva activitat com a docent en la Facultat de Teologia de Val\u00e8ncia, activitat que va exercir fins a la seva jubilaci\u00f3 als 70 anys.<\/p>\n<p>El 2007 es va traslladar al Convent de Santa Catalina Verge i M\u00e0rtir de la ciutat de Barcelona i va ser nomenat exorcista de l'Arxidi\u00f2cesi de Barcelona, funci\u00f3 que ha desenvolupat ininterrompudament fins a l'actualitat.<\/p>","protected":false},"excerpt":{"rendered":"<p>Versi\u00f3 en castell\u00e0<\/p>\n<p>Cara a Cara con Satan\u00e1s\u00a0es un libro revelador, valiente, impactante, que te dejar\u00e1 sin aliento y que responder\u00e1 a estas preguntas y a otras muchas m\u00e1s. Por fin, un tema tab\u00fa en el seno de la misma\u00a0Iglesia Cat\u00f3lica queda desvelado.<\/p>","protected":false},"featured_media":2081,"template":"","meta":{"ub_ctt_via":""},"product_brand":[],"product_cat":[213],"product_tag":[],"class_list":{"0":"post-2080","1":"product","2":"type-product","3":"status-publish","4":"has-post-thumbnail","6":"product_author-teresa-porqueras","7":"product_cat-ensayo","9":"first","10":"instock","11":"taxable","12":"shipping-taxable","13":"purchasable","14":"product-type-simple"},"featured_image_urls_v2":{"full":["https:\/\/apostroph.es\/wp-content\/uploads\/2021\/08\/516yD4yWo3L.jpg",357,500,false],"thumbnail":["https:\/\/apostroph.es\/wp-content\/uploads\/2021\/08\/516yD4yWo3L-150x150.jpg",150,150,true],"medium":["https:\/\/apostroph.es\/wp-content\/uploads\/2021\/08\/516yD4yWo3L-214x300.jpg",214,300,true],"medium_large":["https:\/\/apostroph.es\/wp-content\/uploads\/2021\/08\/516yD4yWo3L.jpg",357,500,false],"large":["https:\/\/apostroph.es\/wp-content\/uploads\/2021\/08\/516yD4yWo3L.jpg",357,500,false],"1536x1536":["https:\/\/apostroph.es\/wp-content\/uploads\/2021\/08\/516yD4yWo3L.jpg",357,500,false],"2048x2048":["https:\/\/apostroph.es\/wp-content\/uploads\/2021\/08\/516yD4yWo3L.jpg",357,500,false],"trp-custom-language-flag":["https:\/\/apostroph.es\/wp-content\/uploads\/2021\/08\/516yD4yWo3L-9x12.jpg",9,12,true],"mailpoet_newsletter_max":["https:\/\/apostroph.es\/wp-content\/uploads\/2021\/08\/516yD4yWo3L.jpg",357,500,false],"woocommerce_thumbnail":["https:\/\/apostroph.es\/wp-content\/uploads\/2021\/08\/516yD4yWo3L.jpg",357,500,false],"woocommerce_single":["https:\/\/apostroph.es\/wp-content\/uploads\/2021\/08\/516yD4yWo3L.jpg",357,500,false],"woocommerce_gallery_thumbnail":["https:\/\/apostroph.es\/wp-content\/uploads\/2021\/08\/516yD4yWo3L-100x100.jpg",100,100,true]},"post_excerpt_stackable_v2":"<p><em><strong>Versi\u00f3n en castellano<\/strong><\/em><\/p>\n<p><em>Cara a Cara con Satan\u00e1s<\/em>\u00a0es un libro revelador, valiente, impactante, que te dejar\u00e1 sin aliento y que responder\u00e1 a estas preguntas y a otras muchas m\u00e1s. Por fin, un tema tab\u00fa en el seno de la misma\u00a0Iglesia Cat\u00f3lica queda desvelado.<\/p>\n","category_list_v2":"","author_info_v2":{"name":"","url":""},"comments_num_v2":"0 comments","_links":{"self":[{"href":"https:\/\/apostroph.es\/ca\/wp-json\/wp\/v2\/product\/2080","targetHints":{"allow":["GET"]}}],"collection":[{"href":"https:\/\/apostroph.es\/ca\/wp-json\/wp\/v2\/product"}],"about":[{"href":"https:\/\/apostroph.es\/ca\/wp-json\/wp\/v2\/types\/product"}],"wp:featuredmedia":[{"embeddable":true,"href":"https:\/\/apostroph.es\/ca\/wp-json\/wp\/v2\/media\/2081"}],"wp:attachment":[{"href":"https:\/\/apostroph.es\/ca\/wp-json\/wp\/v2\/media?parent=2080"}],"wp:term":[{"taxonomy":"product_brand","embeddable":true,"href":"https:\/\/apostroph.es\/ca\/wp-json\/wp\/v2\/product_brand?post=2080"},{"taxonomy":"product_cat","embeddable":true,"href":"https:\/\/apostroph.es\/ca\/wp-json\/wp\/v2\/product_cat?post=2080"},{"taxonomy":"product_tag","embeddable":true,"href":"https:\/\/apostroph.es\/ca\/wp-json\/wp\/v2\/product_tag?post=2080"}],"curies":[{"name":"wp","href":"https:\/\/api.w.org\/{rel}","templated":true}]}}