{"id":2110,"date":"2021-08-21T01:08:07","date_gmt":"2021-08-21T01:08:07","guid":{"rendered":"https:\/\/apostroph.es\/?post_type=product&#038;p=2110"},"modified":"2021-08-21T01:08:07","modified_gmt":"2021-08-21T01:08:07","slug":"el-precio-de-ser-madre","status":"publish","type":"product","link":"https:\/\/apostroph.es\/ca\/product\/el-precio-de-ser-madre\/","title":{"rendered":"El precio de ser madre"},"content":{"rendered":"<p>Els tractaments de reproducci\u00f3 humana han crescut de manera exponencial a Espanya del 2009 en\u00e7\u00e0. Aix\u00f2 es deu al retard de la maternitat propi del capitalisme tard\u00e0 en general i a la crisi econ\u00f2mica global del 2008 en particular. Per\u00f2 la crisi i les formes de vida impl\u00edcites d\u2019aquest capitalisme no s\u00f3n l\u2019\u00fanic motiu de l\u2019auge de la reproducci\u00f3 assistida a Espanya. Molts dels tractaments de reproducci\u00f3 assistida requereixen l\u2019\u00fas d\u2019espermatozoides i \u00f2vuls donats, i a difer\u00e8ncia del que passa a la majoria de pa\u00efsos de la Uni\u00f3 Europea, a Espanya la donaci\u00f3 \u00e9s an\u00f2nima. L\u2019anonimat anima moltes m\u00e9s dones a donar \u00f2vuls a canvi d\u2019una recompensa d\u2019aproximadament 1.200 euros, i l\u2019excedent fa que moltes receptores d\u2019arreu d\u2019Europa i del Nord d\u2019\u00c0frica viatgin a Espanya per inseminar-se. El m\u00e0xim de criatures nascudes dels \u00f2vuls de cada donant \u00e9s sis, xifra que s\u2019hauria de controlar i fer constar mitjan\u00e7ant un registre estatal i europeu que fa molts anys que es va aprovar per\u00f2 que no s\u2019ha arribat a crear mai. A casa nostra, si acudeix a cl\u00edniques diferents, una dona pot donar tantes vegades com vulgui ja sigui per altruisme, per la recompensa econ\u00f2mica o una mica per totes dues coses.<\/p>\n<p>Gaireb\u00e9 totes les cl\u00edniques de reproducci\u00f3 assistida s\u00f3n privades. La posada en marxa del registre no conv\u00e9 especialment a aquestes cl\u00edniques, de la mateixa manera que a algunes tampoc els convindria l\u2019aixecament de l\u2019anonimat de les donacions. Sense garantia d\u2019anonimat, les donants s\u2019exposarien a que les criatures nascudes dels seus \u00f2vuls poguessin contactar-les en arribar a la majoria d\u2019edat, tal com passa a d\u2019altres pa\u00efsos. El dret a con\u00e8ixer els propis or\u00edgens consta a la Declaraci\u00f3 dels Drets Humans i a la Constituci\u00f3 Espanyola, i en aquest sentit les donacions an\u00f2nimes contradiuen la legislaci\u00f3 nacional i internacional. L\u2019ovodonaci\u00f3 i els tractaments de reproducci\u00f3 assistida s\u00f3n cada cop m\u00e9s freq\u00fcents en una societat cada vegada menys f\u00e8rtil que ajorna tant com pot la maternitat. S\u00f3n part del present i del futur. La reproducci\u00f3 assistida permet que moltes dones que no poden ser mares i que ho desitgen puguin ser-ho, per\u00f2 l\u2019activitat del sector obre molts interrogants que ens haur\u00edem de plantejar com a societat . Qu\u00e8 en fem dels m\u00e9s de 70.000 embrions congelats que hi ha nom\u00e9s a Catalunya? Hem de seguir parlant d\u2019ovodonaci\u00f3 o haur\u00edem de parlar obertament de compra i venda d\u2019\u00f2vuls? Com ens assegurem que la donaci\u00f3 sigui justa i no una sortida econ\u00f2mica desesperada per noies joves i prec\u00e0ries que venen la seva fertilitat? Fins a quin punt haur\u00edem de poder manipular la gen\u00e8tica dels fills fruit de la reproducci\u00f3 assistida? Quins s\u00f3n els riscos reals de l\u2019exposici\u00f3 reiterada a la necess\u00e0ria hormonaci\u00f3 per a fer possible qualsevol cicle de donaci\u00f3? Haur\u00edem de replantejar-nos l\u2019imperatiu d\u2019aquesta maternitat a qualsevol preu o, per contra, hem de donar via lliure als aven\u00e7os de la reproducci\u00f3 assistida?<\/p>","protected":false},"excerpt":{"rendered":"<p>Versi\u00f3 en castell\u00e0<\/p>\n<p>El precio de ser madre es un ensayo period\u00edstico que se adentra en la realidad de la donaci\u00f3n de \u00f3vulos. Documenta el proceso de donaci\u00f3n, el funcionamiento de las cl\u00ednicas, el trasfondo econ\u00f3mico y lucrativo, las presiones, el sufrimiento y las secuelas de las donantes, entre otros aspectos de inter\u00e9s. Escrito por la periodista J\u00falia Bacardit.<\/p>","protected":false},"featured_media":2111,"template":"","meta":{"ub_ctt_via":""},"product_brand":[],"product_cat":[213],"product_tag":[],"class_list":{"0":"post-2110","1":"product","2":"type-product","3":"status-publish","4":"has-post-thumbnail","6":"product_author-julia-bacardit","7":"product_cat-ensayo","9":"first","10":"instock","11":"taxable","12":"shipping-taxable","13":"purchasable","14":"product-type-simple"},"featured_image_urls_v2":{"full":["https:\/\/apostroph.es\/wp-content\/uploads\/2021\/08\/ELPRECIODESERMADRE.jpg",973,1363,false],"thumbnail":["https:\/\/apostroph.es\/wp-content\/uploads\/2021\/08\/ELPRECIODESERMADRE-150x150.jpg",150,150,true],"medium":["https:\/\/apostroph.es\/wp-content\/uploads\/2021\/08\/ELPRECIODESERMADRE-214x300.jpg",214,300,true],"medium_large":["https:\/\/apostroph.es\/wp-content\/uploads\/2021\/08\/ELPRECIODESERMADRE-768x1076.jpg",768,1076,true],"large":["https:\/\/apostroph.es\/wp-content\/uploads\/2021\/08\/ELPRECIODESERMADRE-731x1024.jpg",731,1024,true],"1536x1536":["https:\/\/apostroph.es\/wp-content\/uploads\/2021\/08\/ELPRECIODESERMADRE.jpg",973,1363,false],"2048x2048":["https:\/\/apostroph.es\/wp-content\/uploads\/2021\/08\/ELPRECIODESERMADRE.jpg",973,1363,false],"trp-custom-language-flag":["https:\/\/apostroph.es\/wp-content\/uploads\/2021\/08\/ELPRECIODESERMADRE-9x12.jpg",9,12,true],"mailpoet_newsletter_max":["https:\/\/apostroph.es\/wp-content\/uploads\/2021\/08\/ELPRECIODESERMADRE.jpg",973,1363,false],"woocommerce_thumbnail":["https:\/\/apostroph.es\/wp-content\/uploads\/2021\/08\/ELPRECIODESERMADRE-600x840.jpg",600,840,true],"woocommerce_single":["https:\/\/apostroph.es\/wp-content\/uploads\/2021\/08\/ELPRECIODESERMADRE-600x840.jpg",600,840,true],"woocommerce_gallery_thumbnail":["https:\/\/apostroph.es\/wp-content\/uploads\/2021\/08\/ELPRECIODESERMADRE-100x100.jpg",100,100,true]},"post_excerpt_stackable_v2":"<p><em><strong>Versi\u00f3n en castellano<\/strong><\/em><\/p>\n<p><em>El precio de ser madre<\/em> es un ensayo period\u00edstico que se adentra en la realidad de la donaci\u00f3n de \u00f3vulos. Documenta el proceso de donaci\u00f3n, el funcionamiento de las cl\u00ednicas, el trasfondo econ\u00f3mico y lucrativo, las presiones, el sufrimiento y las secuelas de las donantes, entre otros aspectos de inter\u00e9s. Escrito por la periodista J\u00falia Bacardit.<\/p>\n","category_list_v2":"","author_info_v2":{"name":"","url":""},"comments_num_v2":"0 comments","_links":{"self":[{"href":"https:\/\/apostroph.es\/ca\/wp-json\/wp\/v2\/product\/2110","targetHints":{"allow":["GET"]}}],"collection":[{"href":"https:\/\/apostroph.es\/ca\/wp-json\/wp\/v2\/product"}],"about":[{"href":"https:\/\/apostroph.es\/ca\/wp-json\/wp\/v2\/types\/product"}],"wp:featuredmedia":[{"embeddable":true,"href":"https:\/\/apostroph.es\/ca\/wp-json\/wp\/v2\/media\/2111"}],"wp:attachment":[{"href":"https:\/\/apostroph.es\/ca\/wp-json\/wp\/v2\/media?parent=2110"}],"wp:term":[{"taxonomy":"product_brand","embeddable":true,"href":"https:\/\/apostroph.es\/ca\/wp-json\/wp\/v2\/product_brand?post=2110"},{"taxonomy":"product_cat","embeddable":true,"href":"https:\/\/apostroph.es\/ca\/wp-json\/wp\/v2\/product_cat?post=2110"},{"taxonomy":"product_tag","embeddable":true,"href":"https:\/\/apostroph.es\/ca\/wp-json\/wp\/v2\/product_tag?post=2110"}],"curies":[{"name":"wp","href":"https:\/\/api.w.org\/{rel}","templated":true}]}}