{"id":2115,"date":"2021-08-21T01:28:43","date_gmt":"2021-08-21T01:28:43","guid":{"rendered":"https:\/\/apostroph.es\/?post_type=product&#038;p=2115"},"modified":"2021-08-21T01:28:43","modified_gmt":"2021-08-21T01:28:43","slug":"el-horror","status":"publish","type":"product","link":"https:\/\/apostroph.es\/ca\/product\/el-horror\/","title":{"rendered":"El horror"},"content":{"rendered":"<p><em>Fins i tot en aquella guerra en la qual l\u2019horror i la follia semblava que s\u2019apoderessin de les consci\u00e8ncies hi havia d\u2019haver un l\u00edmit moral, una frontera entre la necessitat de combatre i el plaer de l\u2019extermini\u2026<\/em><\/p>\n<p><em>El horror<\/em> ens explica la hist\u00f2ria d\u2019en Marko, professor d\u2019hist\u00f2ria a la universitat de Sarajevo que es veu obligat a agafar les armes per a defensar la seva ciutat, i la hist\u00f2ria de la Suada, una jove que gaireb\u00e9 ho perd tot. Quan all\u00f2 que semblava impossible va passar al cor d\u2019Europa entre 1992 i 1995. <em>El horror<\/em> \u00e9s la novel\u00b7la de la Guerra de B\u00f2snia, explicada des de dins com mai ho havien fet.<\/p>","protected":false},"excerpt":{"rendered":"<p>Versi\u00f3 en castell\u00e0<\/p>\n<p>De Sarajevo a Mostar, trinxeres, franctiradors, mercenaris, milicians al\u00b7lucinats, periodistes a la recerca de si mateixos, mafiosos adolescents i v\u00edctimes d\u2019una massacre consentida per Occident, ciutats assetjades que s\u00f3n l\u2019escenari d\u2019un retrat del costat m\u00e9s fosc de la condici\u00f3 humana. En plena Guerra de B\u00f2snia.<\/p>","protected":false},"featured_media":2116,"template":"","meta":{"ub_ctt_via":""},"product_brand":[],"product_cat":[209],"product_tag":[],"class_list":{"0":"post-2115","1":"product","2":"type-product","3":"status-publish","4":"has-post-thumbnail","6":"product_author-juan-luis-martinez","7":"product_cat-narrativa","9":"first","10":"instock","11":"taxable","12":"shipping-taxable","13":"purchasable","14":"product-type-simple"},"featured_image_urls_v2":{"full":["https:\/\/apostroph.es\/wp-content\/uploads\/2021\/08\/horrorESP.jpg",857,1200,false],"thumbnail":["https:\/\/apostroph.es\/wp-content\/uploads\/2021\/08\/horrorESP-150x150.jpg",150,150,true],"medium":["https:\/\/apostroph.es\/wp-content\/uploads\/2021\/08\/horrorESP-214x300.jpg",214,300,true],"medium_large":["https:\/\/apostroph.es\/wp-content\/uploads\/2021\/08\/horrorESP-768x1075.jpg",768,1075,true],"large":["https:\/\/apostroph.es\/wp-content\/uploads\/2021\/08\/horrorESP-731x1024.jpg",731,1024,true],"1536x1536":["https:\/\/apostroph.es\/wp-content\/uploads\/2021\/08\/horrorESP.jpg",857,1200,false],"2048x2048":["https:\/\/apostroph.es\/wp-content\/uploads\/2021\/08\/horrorESP.jpg",857,1200,false],"trp-custom-language-flag":["https:\/\/apostroph.es\/wp-content\/uploads\/2021\/08\/horrorESP-9x12.jpg",9,12,true],"mailpoet_newsletter_max":["https:\/\/apostroph.es\/wp-content\/uploads\/2021\/08\/horrorESP.jpg",857,1200,false],"woocommerce_thumbnail":["https:\/\/apostroph.es\/wp-content\/uploads\/2021\/08\/horrorESP-600x840.jpg",600,840,true],"woocommerce_single":["https:\/\/apostroph.es\/wp-content\/uploads\/2021\/08\/horrorESP-600x840.jpg",600,840,true],"woocommerce_gallery_thumbnail":["https:\/\/apostroph.es\/wp-content\/uploads\/2021\/08\/horrorESP-100x100.jpg",100,100,true]},"post_excerpt_stackable_v2":"<p><em><strong>Versi\u00f3n en castellano<\/strong><\/em><\/p>\n<p>De Sarajevo a Mostar, trincheras, francotiradores, mercenarios, milicianos alucinados, periodistas en busca de s\u00ed mismos, mafiosos adolescentes y v\u00edctimas de una masacre consentida por occidente, ciudades asediadas que sirven de escenario a un retrato de la condici\u00f3n humana en su lado m\u00e1s oscuro. En plena Guerra de Bosnia.<\/p>\n","category_list_v2":"","author_info_v2":{"name":"","url":""},"comments_num_v2":"0 comments","_links":{"self":[{"href":"https:\/\/apostroph.es\/ca\/wp-json\/wp\/v2\/product\/2115","targetHints":{"allow":["GET"]}}],"collection":[{"href":"https:\/\/apostroph.es\/ca\/wp-json\/wp\/v2\/product"}],"about":[{"href":"https:\/\/apostroph.es\/ca\/wp-json\/wp\/v2\/types\/product"}],"wp:featuredmedia":[{"embeddable":true,"href":"https:\/\/apostroph.es\/ca\/wp-json\/wp\/v2\/media\/2116"}],"wp:attachment":[{"href":"https:\/\/apostroph.es\/ca\/wp-json\/wp\/v2\/media?parent=2115"}],"wp:term":[{"taxonomy":"product_brand","embeddable":true,"href":"https:\/\/apostroph.es\/ca\/wp-json\/wp\/v2\/product_brand?post=2115"},{"taxonomy":"product_cat","embeddable":true,"href":"https:\/\/apostroph.es\/ca\/wp-json\/wp\/v2\/product_cat?post=2115"},{"taxonomy":"product_tag","embeddable":true,"href":"https:\/\/apostroph.es\/ca\/wp-json\/wp\/v2\/product_tag?post=2115"}],"curies":[{"name":"wp","href":"https:\/\/api.w.org\/{rel}","templated":true}]}}