{"id":2124,"date":"2021-08-21T01:55:16","date_gmt":"2021-08-21T01:55:16","guid":{"rendered":"https:\/\/apostroph.es\/?post_type=product&#038;p=2124"},"modified":"2021-11-09T09:00:32","modified_gmt":"2021-11-09T09:00:32","slug":"bosnia-la-guerra-que-no-ens-van-explicar","status":"publish","type":"product","link":"https:\/\/apostroph.es\/ca\/product\/bosnia-la-guerra-que-no-ens-van-explicar\/","title":{"rendered":"B\u00f2snia, la guerra que no ens van explicar"},"content":{"rendered":"<p>Vint-i-cinc anys despr\u00e9s de l\u2019inici del conflicte, aquest llibre vol desmuntar el mite segons el qual aquesta va ser una guerra \u00e8tnica. I tamb\u00e9, de fet, la mateixa exist\u00e8ncia de tres pobles amb grans difer\u00e8ncies entre si, la suposada causa per justificar el \u201cconflicte inevitable\u201d: \"Si tres grups aparentment diferents \u2014es pregunta l\u2019autor\u2014 parlen exactament la mateixa llengua (amb difer\u00e8ncies com les que hi ha entre el catal\u00e0 i el valenci\u00e0), tenen uns costums molt semblants i conviuen des de fa segles\u2026 fins a quin punt es pot afirmar que s\u00f3n tres \u00e8tnies diferenciades?\". En lloc d\u2019aix\u00f2, l\u2019autor defensa que l\u2019element \u00e8tnic va ser, precisament, el pretext de les elits provinents del sistema iugoslau per perpetuar-se en el poder, tot i que fou al preu de generar una guerra civil. El volum pret\u00e9n, en suma, demostrar com les difer\u00e8ncies \u00e8tniques i culturals es van amplificar i estimular per tal de justificar el conflicte.<\/p>","protected":false},"excerpt":{"rendered":"<p>Versi\u00f3 en catal\u00e0<\/p>\n<p>La pitjor conseq\u00fc\u00e8ncia de la Guerra de B\u00f2snia, a banda dels seus 100.000 morts, 35.000 desapareguts i un mili\u00f3 llarg de despla\u00e7ats, va ser la consolidaci\u00f3 d\u2019un pa\u00eds dividit en tres comunitats \u00e8tniques i la desaparici\u00f3 de la noci\u00f3 de multietnicitat, el tresor m\u00e9s preuat de \u201cla petita Iugosl\u00e0via\u201d, com se l\u2019havia arribat a anomenar per ser una reproducci\u00f3 en petit de l\u2019estat creat per Tito.<\/p>","protected":false},"featured_media":2125,"template":"","meta":{"ub_ctt_via":""},"product_brand":[],"product_cat":[213],"product_tag":[],"class_list":{"0":"post-2124","1":"product","2":"type-product","3":"status-publish","4":"has-post-thumbnail","6":"product_author-joan-salicru","7":"product_cat-ensayo","9":"first","10":"instock","11":"taxable","12":"shipping-taxable","13":"purchasable","14":"product-type-simple"},"featured_image_urls_v2":{"full":["https:\/\/apostroph.es\/wp-content\/uploads\/2021\/08\/bosniaCAT.jpg",858,1200,false],"thumbnail":["https:\/\/apostroph.es\/wp-content\/uploads\/2021\/08\/bosniaCAT-150x150.jpg",150,150,true],"medium":["https:\/\/apostroph.es\/wp-content\/uploads\/2021\/08\/bosniaCAT-215x300.jpg",215,300,true],"medium_large":["https:\/\/apostroph.es\/wp-content\/uploads\/2021\/08\/bosniaCAT-768x1074.jpg",768,1074,true],"large":["https:\/\/apostroph.es\/wp-content\/uploads\/2021\/08\/bosniaCAT-732x1024.jpg",732,1024,true],"1536x1536":["https:\/\/apostroph.es\/wp-content\/uploads\/2021\/08\/bosniaCAT.jpg",858,1200,false],"2048x2048":["https:\/\/apostroph.es\/wp-content\/uploads\/2021\/08\/bosniaCAT.jpg",858,1200,false],"trp-custom-language-flag":["https:\/\/apostroph.es\/wp-content\/uploads\/2021\/08\/bosniaCAT-9x12.jpg",9,12,true],"mailpoet_newsletter_max":["https:\/\/apostroph.es\/wp-content\/uploads\/2021\/08\/bosniaCAT.jpg",858,1200,false],"woocommerce_thumbnail":["https:\/\/apostroph.es\/wp-content\/uploads\/2021\/08\/bosniaCAT-600x839.jpg",600,839,true],"woocommerce_single":["https:\/\/apostroph.es\/wp-content\/uploads\/2021\/08\/bosniaCAT-600x839.jpg",600,839,true],"woocommerce_gallery_thumbnail":["https:\/\/apostroph.es\/wp-content\/uploads\/2021\/08\/bosniaCAT-100x100.jpg",100,100,true]},"post_excerpt_stackable_v2":"<p><em><strong>Versi\u00f3n en catal\u00e1n<\/strong><\/em><\/p>\n<p>La peor consecuencia de la Guerra de Bosnia, aparte de sus cien mil muertos, 35.000 desaparecidos y un mill\u00f3n largo de desplazados, fue la consolidaci\u00f3n de un pa\u00eds dividido en tres comunidades \u00e9tnicas y la desaparici\u00f3n de la noci\u00f3n de multietnicidad, el tesoro m\u00e1s preciado de \u201cla peque\u00f1a Yugoslavia\u201d, como se la hab\u00eda llegado a llamar para ser una reproducci\u00f3n en peque\u00f1o del estado creado por Tito.<\/p>\n","category_list_v2":"","author_info_v2":{"name":"","url":""},"comments_num_v2":"0 comments","_links":{"self":[{"href":"https:\/\/apostroph.es\/ca\/wp-json\/wp\/v2\/product\/2124","targetHints":{"allow":["GET"]}}],"collection":[{"href":"https:\/\/apostroph.es\/ca\/wp-json\/wp\/v2\/product"}],"about":[{"href":"https:\/\/apostroph.es\/ca\/wp-json\/wp\/v2\/types\/product"}],"wp:featuredmedia":[{"embeddable":true,"href":"https:\/\/apostroph.es\/ca\/wp-json\/wp\/v2\/media\/2125"}],"wp:attachment":[{"href":"https:\/\/apostroph.es\/ca\/wp-json\/wp\/v2\/media?parent=2124"}],"wp:term":[{"taxonomy":"product_brand","embeddable":true,"href":"https:\/\/apostroph.es\/ca\/wp-json\/wp\/v2\/product_brand?post=2124"},{"taxonomy":"product_cat","embeddable":true,"href":"https:\/\/apostroph.es\/ca\/wp-json\/wp\/v2\/product_cat?post=2124"},{"taxonomy":"product_tag","embeddable":true,"href":"https:\/\/apostroph.es\/ca\/wp-json\/wp\/v2\/product_tag?post=2124"}],"curies":[{"name":"wp","href":"https:\/\/api.w.org\/{rel}","templated":true}]}}