{"id":2252,"date":"2021-11-09T09:11:54","date_gmt":"2021-11-09T09:11:54","guid":{"rendered":"https:\/\/apostroph.es\/?post_type=product&#038;p=2252"},"modified":"2022-02-06T01:10:39","modified_gmt":"2022-02-06T01:10:39","slug":"annual-1921-la-matanza-de-los-inocentes","status":"publish","type":"product","link":"https:\/\/apostroph.es\/ca\/product\/annual-1921-la-matanza-de-los-inocentes\/","title":{"rendered":"Annual 1921: la matanza de los inocentes"},"content":{"rendered":"<p>El 2021 es commemora el centenari del Desastre d\u2019Annual, la major derrota de l\u2019ex\u00e8rcit espanyol a l\u2019\u00c0frica i una matan\u00e7a de soldats.<\/p>\n<p class=\"translation-block\">Mart\u00edn Ayala \u00e9s un jove pastor transhumant, fill tamb\u00e9 de pastor. Viu a un poble de La Manxa amb la seva fam\u00edlia quan li toca anar de recluta a l\u2019\u00c0frica el 1921. Viurem el seu viatge fins a Melilla, la seva experi\u00e8ncia com a soldat en terra estranya, per\u00f2 alhora familiar, les seves pen\u00faries i les injust\u00edcies que ha de patir fins que es troba amb el seu dest\u00ed en Annual. Annual 1921. La matanza de los inocentes \u00e9s una novel\u00b7la antib\u00e8l\u00b7lica que narra la vida, mis\u00e8ries i dest\u00ed dels soldats espanyols que van ser enviats a la mort per comandaments incompetents i pol\u00edtics corruptes darrere d\u2019una gl\u00f2ria imperial periclitada. Basada en els fets reals de la Batalla d\u2019Annual en 1921, un desastre en el qual van perdre la vida 12.000 soldats espanyols. Les conseq\u00fc\u00e8ncies pol\u00edtiques posteriors al desastre van conduir a la dictadura del general Miguel Primo de Rivera.<\/p>","protected":false},"excerpt":{"rendered":"<p>Versi\u00f3 en castell\u00e0<\/p>\n<p class=\"translation-block\">Un reconeixement als milers de soldats rasos i sotsoficials que van pagar amb la seva vida la incompet\u00e8ncia d\u2019un sistema que els sotmetia tant a ells com als seus suposats enemics. Lluny d\u2019aproximacions patrioteres i exaltacions a l\u2019heroisme militar, Annual 1921. La matanza de los inocentes il\u00b7lustra la vida d\u2019un ex\u00e8rcit que pretenia civilitzar un pa\u00eds estranger quan gaireb\u00e9 no s\u2019havia civilitzat a si mateix.<\/p>\n<p>&nbsp;<\/p>","protected":false},"featured_media":2362,"template":"","meta":{"ub_ctt_via":""},"product_brand":[],"product_cat":[209],"product_tag":[],"class_list":{"0":"post-2252","1":"product","2":"type-product","3":"status-publish","4":"has-post-thumbnail","6":"product_author-juan-luis-martinez","7":"product_cat-narrativa","9":"first","10":"instock","11":"taxable","12":"shipping-taxable","13":"purchasable","14":"product-type-simple"},"featured_image_urls_v2":{"full":["https:\/\/apostroph.es\/wp-content\/uploads\/2021\/11\/ANNUAL_1921-scaled.jpg",1829,2560,false],"thumbnail":["https:\/\/apostroph.es\/wp-content\/uploads\/2021\/11\/ANNUAL_1921-150x150.jpg",150,150,true],"medium":["https:\/\/apostroph.es\/wp-content\/uploads\/2021\/11\/ANNUAL_1921-214x300.jpg",214,300,true],"medium_large":["https:\/\/apostroph.es\/wp-content\/uploads\/2021\/11\/ANNUAL_1921-768x1075.jpg",768,1075,true],"large":["https:\/\/apostroph.es\/wp-content\/uploads\/2021\/11\/ANNUAL_1921-731x1024.jpg",731,1024,true],"1536x1536":["https:\/\/apostroph.es\/wp-content\/uploads\/2021\/11\/ANNUAL_1921-1097x1536.jpg",1097,1536,true],"2048x2048":["https:\/\/apostroph.es\/wp-content\/uploads\/2021\/11\/ANNUAL_1921-1463x2048.jpg",1463,2048,true],"trp-custom-language-flag":["https:\/\/apostroph.es\/wp-content\/uploads\/2021\/11\/ANNUAL_1921-9x12.jpg",9,12,true],"mailpoet_newsletter_max":["https:\/\/apostroph.es\/wp-content\/uploads\/2021\/11\/ANNUAL_1921-1320x1848.jpg",1320,1848,true],"woocommerce_thumbnail":["https:\/\/apostroph.es\/wp-content\/uploads\/2021\/11\/ANNUAL_1921-600x840.jpg",600,840,true],"woocommerce_single":["https:\/\/apostroph.es\/wp-content\/uploads\/2021\/11\/ANNUAL_1921-600x840.jpg",600,840,true],"woocommerce_gallery_thumbnail":["https:\/\/apostroph.es\/wp-content\/uploads\/2021\/11\/ANNUAL_1921-100x100.jpg",100,100,true]},"post_excerpt_stackable_v2":"<p><em><strong>Versi\u00f3n en castellano<\/strong><\/em><\/p>\n<p>Un reconocimiento a los miles de soldados rasos y suboficiales que pagaron con su vida la incompetencia de un sistema que los somet\u00eda tanto a ellos como a sus supuestos enemigos. Lejos de aproximaciones patrioteras y exaltaciones al hero\u00edsmo militar, <em>Annual 1921. La matanza de los inocentes<\/em>\u00a0ilustra la vida de un ej\u00e9rcito que pretend\u00eda civilizar un pa\u00eds extranjero cuando apenas se hab\u00eda civilizado a s\u00ed mismo.<\/p>\n<p>&nbsp;<\/p>\n","category_list_v2":"","author_info_v2":{"name":"","url":""},"comments_num_v2":"0 comments","_links":{"self":[{"href":"https:\/\/apostroph.es\/ca\/wp-json\/wp\/v2\/product\/2252","targetHints":{"allow":["GET"]}}],"collection":[{"href":"https:\/\/apostroph.es\/ca\/wp-json\/wp\/v2\/product"}],"about":[{"href":"https:\/\/apostroph.es\/ca\/wp-json\/wp\/v2\/types\/product"}],"wp:featuredmedia":[{"embeddable":true,"href":"https:\/\/apostroph.es\/ca\/wp-json\/wp\/v2\/media\/2362"}],"wp:attachment":[{"href":"https:\/\/apostroph.es\/ca\/wp-json\/wp\/v2\/media?parent=2252"}],"wp:term":[{"taxonomy":"product_brand","embeddable":true,"href":"https:\/\/apostroph.es\/ca\/wp-json\/wp\/v2\/product_brand?post=2252"},{"taxonomy":"product_cat","embeddable":true,"href":"https:\/\/apostroph.es\/ca\/wp-json\/wp\/v2\/product_cat?post=2252"},{"taxonomy":"product_tag","embeddable":true,"href":"https:\/\/apostroph.es\/ca\/wp-json\/wp\/v2\/product_tag?post=2252"}],"curies":[{"name":"wp","href":"https:\/\/api.w.org\/{rel}","templated":true}]}}