{"id":2278,"date":"2022-01-19T00:12:50","date_gmt":"2022-01-19T00:12:50","guid":{"rendered":"https:\/\/apostroph.es\/?post_type=product&#038;p=2278"},"modified":"2023-01-19T18:31:50","modified_gmt":"2023-01-19T18:31:50","slug":"salvini-meloni-hijos-de-la-misma-rabia","status":"publish","type":"product","link":"https:\/\/apostroph.es\/ca\/product\/salvini-meloni-hijos-de-la-misma-rabia\/","title":{"rendered":"Salvini &#038; Meloni: hijos de la misma rabia"},"content":{"rendered":"<p>Com \u00e9s possible que avui dos partits radicals ocupin tot l'espai de la dreta italiana? Qu\u00e8 entenem per partits radicals populistes de dreta? Qu\u00e8 els distingeix d'un partit d'ultradreta? Quines conseq\u00fc\u00e8ncies t\u00e9 per a It\u00e0lia i Europa el seu apogeu i el seu m\u00e9s que possible acc\u00e9s al govern itali\u00e0?<\/p>\n<p>Els partits radicals de dretes s\u00f3n formacions amb tres caracter\u00edstiques b\u00e0siques: nativisme, autoritarisme i populisme. La Lega de Matteo Salvini i el Fratelli d\u2019Italia de Giorgia Meloni reuneixen aquestes caracter\u00edstiques, per\u00f2 els seus or\u00edgens s\u00f3n molt diferents. Tot i que en avui tots dos partits poden considerar-se dreta radical, els seus antecessors provenen de tradicions molt allunyades entre si. D'una banda, la Lega prov\u00e9 de la Lega Nord, un partit etnoregionalista del nord d'It\u00e0lia, \u00e9s a dir, una formaci\u00f3 amb una forta empremta independentista, i un discurs \u00e8tnic dirigit cap a un enemic intern \u2014Roma i el sud d'It\u00e0lia\u2014 i no tant extern \u2014els immigrants. Per altra banda, Fratelli d\u2019It\u00e0lia \u00e9s hereva de l\u2019Alleanza Nazionale i aquesta, al seu torn, del Movimento Sociale Italiano (MSI), partit neofeixista que reivindicava el llegat mussolini\u00e0 nascut despr\u00e9s de la derrota de les pot\u00e8ncies de l'Eix a la Segona Guerra Mundial.<\/p>\n<p>Per entendre com hem arribat a aquesta situaci\u00f3 hem de remuntar-nos a la primera gran crisi del sistema pol\u00edtic republic\u00e0 a It\u00e0lia. Un per\u00edode que ens recorda la noci\u00f3 de crisi d'autoritat descrita per Antonio Gramsci, en la qual \u201cmor el vell sense que acabi de n\u00e9ixer el nou, [\u2026] un interregne on s\u2019esdevenen els fen\u00f2mens morbosos m\u00e9s diversos\u201d.<\/p>\n<p>Al comen\u00e7ament dels anys noranta del segle passat, a gaireb\u00e9 un segle de la mort de Gramsci, It\u00e0lia travessaria una crisi que semblava sortida de la seva ploma. La majoria dels dirigents pol\u00edtics italians es van veure implicats en una trama de corrupci\u00f3 que els va obligar a deixar la pol\u00edtica i entre 1992 i 1994 el pa\u00eds es va veure submergit en un interregne del qual emergirien els m\u00e9s diversos fen\u00f2mens. Silvio Berlusconi, la Lega Nord d'Umberto Bossi i l\u2019Alleanza Nazionale de Gianfranco Fini van ser les primeres conseq\u00fc\u00e8ncies d'aquesta crisi. Despr\u00e9s vindrien Matteo Salvini, el Movimento 5 Stelle, i, finalment, Giorgia Meloni. I \u00e9s que gaireb\u00e9 trenta anys despr\u00e9s, els ressons de Tangentopoli encara ressonen en el laboratori pol\u00edtic itali\u00e0.<\/p>\n<h1><\/h1>","protected":false},"excerpt":{"rendered":"<p>Versi\u00f3 en castell\u00e0<\/p>\n<p>Aquest llibre descriu el proc\u00e9s pol\u00edtic que ha transformat It\u00e0lia durant els \u00faltims 40 anys i ha dut la dreta radical, hereva de l'extrema dreta, ben a prop de governar el pa\u00eds. Matteo Salvini i Giorgia Meloni s\u00f3n els fills d'un nou segle en el qual la dreta radical sembla avan\u00e7ar inexorablement cap al govern. Salvini ja hi va ser, Meloni tamb\u00e9, fa m\u00e9s de deu anys, amb en Silvio Berlusconi. Avui, tot indica que podrien governar sense el suport de la Forza It\u00e0lia de Berlusconi.<\/p>","protected":false},"featured_media":2279,"template":"","meta":{"ub_ctt_via":""},"product_brand":[],"product_cat":[213],"product_tag":[],"class_list":{"0":"post-2278","1":"product","2":"type-product","3":"status-publish","4":"has-post-thumbnail","6":"product_author-daniel-v-guisado","7":"product_author-jaime-bordel","8":"product_cat-ensayo","10":"first","11":"instock","12":"taxable","13":"shipping-taxable","14":"purchasable","15":"product-type-simple"},"featured_image_urls_v2":{"full":["https:\/\/apostroph.es\/wp-content\/uploads\/2022\/01\/cubiertaitalia.jpg",885,1276,false],"thumbnail":["https:\/\/apostroph.es\/wp-content\/uploads\/2022\/01\/cubiertaitalia-150x150.jpg",150,150,true],"medium":["https:\/\/apostroph.es\/wp-content\/uploads\/2022\/01\/cubiertaitalia-208x300.jpg",208,300,true],"medium_large":["https:\/\/apostroph.es\/wp-content\/uploads\/2022\/01\/cubiertaitalia-768x1107.jpg",768,1107,true],"large":["https:\/\/apostroph.es\/wp-content\/uploads\/2022\/01\/cubiertaitalia-710x1024.jpg",710,1024,true],"1536x1536":["https:\/\/apostroph.es\/wp-content\/uploads\/2022\/01\/cubiertaitalia.jpg",885,1276,false],"2048x2048":["https:\/\/apostroph.es\/wp-content\/uploads\/2022\/01\/cubiertaitalia.jpg",885,1276,false],"trp-custom-language-flag":["https:\/\/apostroph.es\/wp-content\/uploads\/2022\/01\/cubiertaitalia-8x12.jpg",8,12,true],"mailpoet_newsletter_max":["https:\/\/apostroph.es\/wp-content\/uploads\/2022\/01\/cubiertaitalia.jpg",885,1276,false],"woocommerce_thumbnail":["https:\/\/apostroph.es\/wp-content\/uploads\/2022\/01\/cubiertaitalia-600x865.jpg",600,865,true],"woocommerce_single":["https:\/\/apostroph.es\/wp-content\/uploads\/2022\/01\/cubiertaitalia-600x865.jpg",600,865,true],"woocommerce_gallery_thumbnail":["https:\/\/apostroph.es\/wp-content\/uploads\/2022\/01\/cubiertaitalia-100x100.jpg",100,100,true]},"post_excerpt_stackable_v2":"<p><em><strong>Versi\u00f3n en castellano<\/strong><\/em><\/p>\n<p>Este libro describe el proceso pol\u00edtico que ha transformado Italia durante los \u00faltimos 40 a\u00f1os y ha llevado la derecha radical, heredera de la extrema derecha, a poder gobernar el pa\u00eds.\u00a0 Matteo Salvini y Giorgia Meloni son los hijos de un nuevo siglo en el que la derecha radical parece que avanza inexorablemente hacia el gobierno. Salvini ya estuvo en el poder, Meloni tambi\u00e9n, hace m\u00e1s de diez a\u00f1os, de la mano de Silvio Berlusconi. Hoy, todo indica que podr\u00edan gobernar sin el apoyo de la Forza Italia de Berlusconi.<\/p>\n","category_list_v2":"","author_info_v2":{"name":"","url":""},"comments_num_v2":"0 comments","_links":{"self":[{"href":"https:\/\/apostroph.es\/ca\/wp-json\/wp\/v2\/product\/2278","targetHints":{"allow":["GET"]}}],"collection":[{"href":"https:\/\/apostroph.es\/ca\/wp-json\/wp\/v2\/product"}],"about":[{"href":"https:\/\/apostroph.es\/ca\/wp-json\/wp\/v2\/types\/product"}],"wp:featuredmedia":[{"embeddable":true,"href":"https:\/\/apostroph.es\/ca\/wp-json\/wp\/v2\/media\/2279"}],"wp:attachment":[{"href":"https:\/\/apostroph.es\/ca\/wp-json\/wp\/v2\/media?parent=2278"}],"wp:term":[{"taxonomy":"product_brand","embeddable":true,"href":"https:\/\/apostroph.es\/ca\/wp-json\/wp\/v2\/product_brand?post=2278"},{"taxonomy":"product_cat","embeddable":true,"href":"https:\/\/apostroph.es\/ca\/wp-json\/wp\/v2\/product_cat?post=2278"},{"taxonomy":"product_tag","embeddable":true,"href":"https:\/\/apostroph.es\/ca\/wp-json\/wp\/v2\/product_tag?post=2278"}],"curies":[{"name":"wp","href":"https:\/\/api.w.org\/{rel}","templated":true}]}}