{"id":2461,"date":"2023-01-19T19:43:52","date_gmt":"2023-01-19T19:43:52","guid":{"rendered":"https:\/\/apostroph.es\/?post_type=product&#038;p=2461"},"modified":"2023-01-19T19:45:23","modified_gmt":"2023-01-19T19:45:23","slug":"sortiu-i-rescateu-vos","status":"publish","type":"product","link":"https:\/\/apostroph.es\/ca\/product\/sortiu-i-rescateu-vos\/","title":{"rendered":"Sortiu i rescateu-vos"},"content":{"rendered":"<p>Acompanyarem a Joel a trav\u00e9s del seu mon\u00f2leg interior, dels seus amargs records d'inf\u00e0ncia, del temps passat amb la seva \u00e0via, de les seves aventures de joventut, de les tardes gaudint dels partits del Bar\u00e7a, dels seus amors i desamors, els seus \u00e8xits i els seus fracassos, bogeries i pesessis. Una sorrentinada a la catalana, dura i bonica com la vida mateixa. La narrativa de Codina alterna l'\u00e0cid i el bell en una mescla entre Boris Vian, Jack Kerouac, i la petjada indeleble de la capital catalana, seguint els passos d'autors com Miqui Otero i Kiko Amat. Joel Codina ens presenta la seva primera novel\u00b7la, Sortiu i rescateu-vos. Perqu\u00e8 els homes tamb\u00e9 poden (i han de) ser sensibles.<\/p>","protected":false},"excerpt":{"rendered":"<p>Versi\u00f3 en catal\u00e0<\/p>\n<p>La vida \u00e9s un partit de futbol en el qual quan t'adones, ja est\u00e0s en el temps de descompte. A ritme de jazz i molta dolenta h\u00f2stia, ens endinsem en el particular univers de Joel Codina. En ell, l'autor nua la seva \u00e0nima i ens mostra com ser \u2014o no ser\u2014 home a la Barcelona del segle XXI.<\/p>","protected":false},"featured_media":2462,"template":"","meta":{"ub_ctt_via":""},"product_brand":[],"product_cat":[209],"product_tag":[],"class_list":{"0":"post-2461","1":"product","2":"type-product","3":"status-publish","4":"has-post-thumbnail","6":"product_author-joel-codina","7":"product_cat-narrativa","9":"first","10":"instock","11":"taxable","12":"shipping-taxable","13":"purchasable","14":"product-type-simple"},"featured_image_urls_v2":{"full":["https:\/\/apostroph.es\/wp-content\/uploads\/2023\/01\/sortiu.jpg",884,1240,false],"thumbnail":["https:\/\/apostroph.es\/wp-content\/uploads\/2023\/01\/sortiu-150x150.jpg",150,150,true],"medium":["https:\/\/apostroph.es\/wp-content\/uploads\/2023\/01\/sortiu-214x300.jpg",214,300,true],"medium_large":["https:\/\/apostroph.es\/wp-content\/uploads\/2023\/01\/sortiu-768x1077.jpg",768,1077,true],"large":["https:\/\/apostroph.es\/wp-content\/uploads\/2023\/01\/sortiu-730x1024.jpg",730,1024,true],"1536x1536":["https:\/\/apostroph.es\/wp-content\/uploads\/2023\/01\/sortiu.jpg",884,1240,false],"2048x2048":["https:\/\/apostroph.es\/wp-content\/uploads\/2023\/01\/sortiu.jpg",884,1240,false],"trp-custom-language-flag":["https:\/\/apostroph.es\/wp-content\/uploads\/2023\/01\/sortiu-9x12.jpg",9,12,true],"mailpoet_newsletter_max":["https:\/\/apostroph.es\/wp-content\/uploads\/2023\/01\/sortiu.jpg",884,1240,false],"woocommerce_thumbnail":["https:\/\/apostroph.es\/wp-content\/uploads\/2023\/01\/sortiu-600x842.jpg",600,842,true],"woocommerce_single":["https:\/\/apostroph.es\/wp-content\/uploads\/2023\/01\/sortiu-600x842.jpg",600,842,true],"woocommerce_gallery_thumbnail":["https:\/\/apostroph.es\/wp-content\/uploads\/2023\/01\/sortiu-100x100.jpg",100,100,true]},"post_excerpt_stackable_v2":"<p><strong>Versi\u00f3n en catal\u00e1n<\/strong><\/p>\n<p>La vida es un partido de f\u00fatbol en el que cuando te das cuenta, ya est\u00e1s en el tiempo de descuento.\u00a0 A ritmo de jazz y mucha mala hostia, nos adentramos en el particular universo de Joel Codina. En \u00e9l, el autor desnuda su alma y nos muestra c\u00f3mo ser \u2014o no ser\u2014 hombre en la Barcelona del siglo XXI.<\/p>\n","category_list_v2":"","author_info_v2":{"name":"","url":""},"comments_num_v2":"0 comments","_links":{"self":[{"href":"https:\/\/apostroph.es\/ca\/wp-json\/wp\/v2\/product\/2461","targetHints":{"allow":["GET"]}}],"collection":[{"href":"https:\/\/apostroph.es\/ca\/wp-json\/wp\/v2\/product"}],"about":[{"href":"https:\/\/apostroph.es\/ca\/wp-json\/wp\/v2\/types\/product"}],"wp:featuredmedia":[{"embeddable":true,"href":"https:\/\/apostroph.es\/ca\/wp-json\/wp\/v2\/media\/2462"}],"wp:attachment":[{"href":"https:\/\/apostroph.es\/ca\/wp-json\/wp\/v2\/media?parent=2461"}],"wp:term":[{"taxonomy":"product_brand","embeddable":true,"href":"https:\/\/apostroph.es\/ca\/wp-json\/wp\/v2\/product_brand?post=2461"},{"taxonomy":"product_cat","embeddable":true,"href":"https:\/\/apostroph.es\/ca\/wp-json\/wp\/v2\/product_cat?post=2461"},{"taxonomy":"product_tag","embeddable":true,"href":"https:\/\/apostroph.es\/ca\/wp-json\/wp\/v2\/product_tag?post=2461"}],"curies":[{"name":"wp","href":"https:\/\/api.w.org\/{rel}","templated":true}]}}