{"id":2039,"date":"2021-08-04T11:52:21","date_gmt":"2021-08-04T11:52:21","guid":{"rendered":"https:\/\/apostroph.es\/?post_type=product&#038;p=2039"},"modified":"2021-08-04T11:52:21","modified_gmt":"2021-08-04T11:52:21","slug":"scrap-mortal","status":"publish","type":"product","link":"https:\/\/apostroph.es\/es\/product\/scrap-mortal\/","title":{"rendered":"Scrap mortal"},"content":{"rendered":"<p>Scrap mortal nos adentra en los bastidores del universo del scrapbooking, donde venganzas y rencores est\u00e1n al orden del d\u00eda. Un entorno creativo y de fantas\u00eda que se entrelaza con el mundo del baloncesto y con la diplomacia norteamericana alrededor de la investigaci\u00f3n sobre la vida de la v\u00edctima. Scrap mortal es una historia trepidante a la caza de un asesino, inteligente, que sabe borrar muy bien sus pistas. El comisario Cerni Llop formar\u00e1 de nuevo un t\u00e1ndem explosivo con el ex-alcalde Masoliver, anclado como siempre en el pasado de las tradiciones andorranas, que no estar\u00e1 de expresar en voz alta sus opiniones para gran exasperaci\u00f3n de en Cerni. No hay nadie como \u00e9l para poner el dedo a la llaga.<\/p>\n<p>Scrap mortal es la segunda novela de misterio de Ludmilla Lacueva Canut. La autora se adentra en el mundo del scrapbooking con sus envidias y resentimientos que acontecer\u00e1n mortales en un decorado que parece perfecto.<\/p>\n","protected":false},"excerpt":{"rendered":"<p>Versi\u00f3n en catal\u00e1n<\/p>\n<p>Las mejores profesionales del mundo del scrapbooking se dan cita en Andorra para asistir al primer congreso que se celebra en el pa\u00eds. El descubrimiento en el lago de Engolasters del cad\u00e1ver de una scrapera muy famosa trastornar\u00e1 a los asistentes de este encuentro y a la presidenta del club, la forense Maria Sastre, que pedir\u00e1 ayuda al comisario Cerni Llop.<\/p>\n","protected":false},"featured_media":2038,"template":"","meta":{"ub_ctt_via":""},"product_brand":[],"product_cat":[209],"product_tag":[],"class_list":{"0":"post-2039","1":"product","2":"type-product","3":"status-publish","4":"has-post-thumbnail","6":"product_author-ludmilla-lacueva-canut","7":"product_cat-narrativa","9":"first","10":"instock","11":"taxable","12":"shipping-taxable","13":"purchasable","14":"product-type-simple"},"featured_image_urls_v2":{"full":["https:\/\/apostroph.es\/wp-content\/uploads\/2021\/08\/SCRAP.jpg",875,1240,false],"thumbnail":["https:\/\/apostroph.es\/wp-content\/uploads\/2021\/08\/SCRAP-150x150.jpg",150,150,true],"medium":["https:\/\/apostroph.es\/wp-content\/uploads\/2021\/08\/SCRAP-212x300.jpg",212,300,true],"medium_large":["https:\/\/apostroph.es\/wp-content\/uploads\/2021\/08\/SCRAP-768x1088.jpg",768,1088,true],"large":["https:\/\/apostroph.es\/wp-content\/uploads\/2021\/08\/SCRAP-723x1024.jpg",723,1024,true],"1536x1536":["https:\/\/apostroph.es\/wp-content\/uploads\/2021\/08\/SCRAP.jpg",875,1240,false],"2048x2048":["https:\/\/apostroph.es\/wp-content\/uploads\/2021\/08\/SCRAP.jpg",875,1240,false],"trp-custom-language-flag":["https:\/\/apostroph.es\/wp-content\/uploads\/2021\/08\/SCRAP-8x12.jpg",8,12,true],"mailpoet_newsletter_max":["https:\/\/apostroph.es\/wp-content\/uploads\/2021\/08\/SCRAP.jpg",875,1240,false],"woocommerce_thumbnail":["https:\/\/apostroph.es\/wp-content\/uploads\/2021\/08\/SCRAP-600x850.jpg",600,850,true],"woocommerce_single":["https:\/\/apostroph.es\/wp-content\/uploads\/2021\/08\/SCRAP-600x850.jpg",600,850,true],"woocommerce_gallery_thumbnail":["https:\/\/apostroph.es\/wp-content\/uploads\/2021\/08\/SCRAP-100x100.jpg",100,100,true]},"post_excerpt_stackable_v2":"<p><strong><em>Versi\u00f3n en catal\u00e1n<\/em><\/strong><\/p>\n<p>Las mejores profesionales del mundo del scrapbooking se dan cita en Andorra para asistir al primer congreso que se celebra en el pa\u00eds. El descubrimiento en el lago de Engolasters del cad\u00e1ver de una scrapera muy famosa trastornar\u00e1 a los asistentes de este encuentro y a la presidenta del club, la forense Maria Sastre, que pedir\u00e1 ayuda al comisario Cerni Llop.<\/p>\n","category_list_v2":"","author_info_v2":{"name":"","url":""},"comments_num_v2":"0 comentarios","_links":{"self":[{"href":"https:\/\/apostroph.es\/es\/wp-json\/wp\/v2\/product\/2039","targetHints":{"allow":["GET"]}}],"collection":[{"href":"https:\/\/apostroph.es\/es\/wp-json\/wp\/v2\/product"}],"about":[{"href":"https:\/\/apostroph.es\/es\/wp-json\/wp\/v2\/types\/product"}],"wp:featuredmedia":[{"embeddable":true,"href":"https:\/\/apostroph.es\/es\/wp-json\/wp\/v2\/media\/2038"}],"wp:attachment":[{"href":"https:\/\/apostroph.es\/es\/wp-json\/wp\/v2\/media?parent=2039"}],"wp:term":[{"taxonomy":"product_brand","embeddable":true,"href":"https:\/\/apostroph.es\/es\/wp-json\/wp\/v2\/product_brand?post=2039"},{"taxonomy":"product_cat","embeddable":true,"href":"https:\/\/apostroph.es\/es\/wp-json\/wp\/v2\/product_cat?post=2039"},{"taxonomy":"product_tag","embeddable":true,"href":"https:\/\/apostroph.es\/es\/wp-json\/wp\/v2\/product_tag?post=2039"}],"curies":[{"name":"wp","href":"https:\/\/api.w.org\/{rel}","templated":true}]}}