{"id":2084,"date":"2021-08-19T23:10:43","date_gmt":"2021-08-19T23:10:43","guid":{"rendered":"https:\/\/apostroph.es\/?post_type=product&#038;p=2084"},"modified":"2021-08-19T23:11:52","modified_gmt":"2021-08-19T23:11:52","slug":"elles","status":"publish","type":"product","link":"https:\/\/apostroph.es\/es\/product\/elles\/","title":{"rendered":"Elles"},"content":{"rendered":"<p>Ac\u00e9rcate en la vida de Laia, Merc\u00e8, Madame Simone, Remei, N\u00faria, Abril, M\u00edriam, Ramona, Clara, Diana, Carme, Ariadna, Laieta, Esperan\u00e7a, Maria, S\u00edlvia, la senyora Llu\u00efsa,Elisa, Rut y Simone, y descubre veinte mujeres fuertes, resolutivas, con imaginaci\u00f3n, con vidas llenas de todo aquello del que est\u00e1 llena una vida. Los veinte relatos de esta compilaci\u00f3n, el primero en solitario de Maite Moreno, est\u00e1n salpimentados de vida, de un realismo a veces m\u00e1gico, de misterio, de alg\u00fan que otro crimen, de p\u00e9rdidas y reencuentros; de incomodidades, silencios, alegr\u00edas y tristezas. Las historias que leer\u00e9is en Elles no siempre acaban bien o mal, a veces tendr\u00e9is que decidirlo vosotros porque, como la vida, hay finales que dependen de los testigos.<\/p>\n","protected":false},"excerpt":{"rendered":"<p>Versi\u00f3n en catal\u00e1n<\/p>\n<p>Elles. 20 relatos, 20 mujeres, 20 vidas trenzadas explica la vida de varias mujeres unidas por hilos invisibles y, a veces, sorprendentes. Cada una aparece, como m\u00ednimo, dos veces; una como protagonista, la otra como antagonista o personaje secundario de otra historia. Los relatos han sido inspirados en hechos de la vida cotidiana o de noticias aparecidas en prensa.<\/p>\n","protected":false},"featured_media":2085,"template":"","meta":{"ub_ctt_via":""},"product_brand":[],"product_cat":[194],"product_tag":[],"class_list":{"0":"post-2084","1":"product","2":"type-product","3":"status-publish","4":"has-post-thumbnail","6":"product_author-maite-moreno-conesa","7":"product_cat-cuentos","9":"first","10":"instock","11":"taxable","12":"shipping-taxable","13":"purchasable","14":"product-type-simple"},"featured_image_urls_v2":{"full":["https:\/\/apostroph.es\/wp-content\/uploads\/2021\/08\/ELLES.jpg",973,1361,false],"thumbnail":["https:\/\/apostroph.es\/wp-content\/uploads\/2021\/08\/ELLES-150x150.jpg",150,150,true],"medium":["https:\/\/apostroph.es\/wp-content\/uploads\/2021\/08\/ELLES-214x300.jpg",214,300,true],"medium_large":["https:\/\/apostroph.es\/wp-content\/uploads\/2021\/08\/ELLES-768x1074.jpg",768,1074,true],"large":["https:\/\/apostroph.es\/wp-content\/uploads\/2021\/08\/ELLES-732x1024.jpg",732,1024,true],"1536x1536":["https:\/\/apostroph.es\/wp-content\/uploads\/2021\/08\/ELLES.jpg",973,1361,false],"2048x2048":["https:\/\/apostroph.es\/wp-content\/uploads\/2021\/08\/ELLES.jpg",973,1361,false],"trp-custom-language-flag":["https:\/\/apostroph.es\/wp-content\/uploads\/2021\/08\/ELLES-9x12.jpg",9,12,true],"mailpoet_newsletter_max":["https:\/\/apostroph.es\/wp-content\/uploads\/2021\/08\/ELLES.jpg",973,1361,false],"woocommerce_thumbnail":["https:\/\/apostroph.es\/wp-content\/uploads\/2021\/08\/ELLES-600x839.jpg",600,839,true],"woocommerce_single":["https:\/\/apostroph.es\/wp-content\/uploads\/2021\/08\/ELLES-600x839.jpg",600,839,true],"woocommerce_gallery_thumbnail":["https:\/\/apostroph.es\/wp-content\/uploads\/2021\/08\/ELLES-100x100.jpg",100,100,true]},"post_excerpt_stackable_v2":"<p><em><strong>Versi\u00f3n en catal\u00e1n<\/strong><\/em><\/p>\n<p>Elles. 20 relatos, 20 mujeres, 20 vidas trenzadas explica la vida de varias mujeres unidas por hilos invisibles y, a veces, sorprendentes. Cada una aparece, como m\u00ednimo, dos veces; una como protagonista, la otra como antagonista o personaje secundario de otra historia. Los relatos han sido inspirados en hechos de la vida cotidiana o de noticias aparecidas en prensa.<\/p>\n","category_list_v2":"","author_info_v2":{"name":"","url":""},"comments_num_v2":"0 comentarios","_links":{"self":[{"href":"https:\/\/apostroph.es\/es\/wp-json\/wp\/v2\/product\/2084","targetHints":{"allow":["GET"]}}],"collection":[{"href":"https:\/\/apostroph.es\/es\/wp-json\/wp\/v2\/product"}],"about":[{"href":"https:\/\/apostroph.es\/es\/wp-json\/wp\/v2\/types\/product"}],"wp:featuredmedia":[{"embeddable":true,"href":"https:\/\/apostroph.es\/es\/wp-json\/wp\/v2\/media\/2085"}],"wp:attachment":[{"href":"https:\/\/apostroph.es\/es\/wp-json\/wp\/v2\/media?parent=2084"}],"wp:term":[{"taxonomy":"product_brand","embeddable":true,"href":"https:\/\/apostroph.es\/es\/wp-json\/wp\/v2\/product_brand?post=2084"},{"taxonomy":"product_cat","embeddable":true,"href":"https:\/\/apostroph.es\/es\/wp-json\/wp\/v2\/product_cat?post=2084"},{"taxonomy":"product_tag","embeddable":true,"href":"https:\/\/apostroph.es\/es\/wp-json\/wp\/v2\/product_tag?post=2084"}],"curies":[{"name":"wp","href":"https:\/\/api.w.org\/{rel}","templated":true}]}}