{"id":2087,"date":"2021-08-19T23:34:21","date_gmt":"2021-08-19T23:34:21","guid":{"rendered":"https:\/\/apostroph.es\/?post_type=product&#038;p=2087"},"modified":"2021-08-19T23:34:21","modified_gmt":"2021-08-19T23:34:21","slug":"paper-cremat","status":"publish","type":"product","link":"https:\/\/apostroph.es\/es\/product\/paper-cremat\/","title":{"rendered":"Paper cremat"},"content":{"rendered":"<p>Ray Douglas Bradbury naci\u00f3 el 22 de agosto de 1920 en Waukegan, en el estado de Illinois, en los Estados Unidos. Conocido por escribir la popular novela dist\u00f3pica <em>Fahrenheit 451<\/em> (1953), y sus colecciones de ciencia ficci\u00f3n y de historias de terror, <em>The Martian Chronicles<\/em> (1950), <em>The Illustrated Man<\/em> (1951) y <em>I Sing the Body Electric<\/em> (1969), Bradbury fue uno de los escritores norteamericanos m\u00e1s famosos de los siglos XX y XXI. Sus obras m\u00e1s conocidas se encuentran en el \u00e1mbito de la literatura fant\u00e1stica pero tambi\u00e9n escribi\u00f3 en otros g\u00e9neros, como la novela <em>Dandelion Wine<\/em> (1957) y las memorias ficticias <em>Green Shadows, White Whale<\/em> (1992).<\/p>\n","protected":false},"excerpt":{"rendered":"<p>Versi\u00f3n en catal\u00e1n<\/p>\n<p>10 cuentos para 100 a\u00f1os de Ray Bradbury. . Los relatos que leer\u00e9is en esta selecci\u00f3n os acompa\u00f1ar\u00e1n las emociones y reflexiones cuando todo esto pase, porque est\u00e1n conectadas de una manera que cuesta imaginar. Encontrar\u00e9is angustia, desconcierto, miedo, terror, escalofr\u00edo, tristeza, resignaci\u00f3n y una buena dosis de esperanza y confianza en el futuro. Estos cuentos, como el mismo Ray Bradbury, nos presentan mundos posibles que parecen imposibles y nos confrontan con nosotros mismos.<\/p>\n","protected":false},"featured_media":2088,"template":"","meta":{"ub_ctt_via":""},"product_brand":[],"product_cat":[194],"product_tag":[],"class_list":{"0":"post-2087","1":"product","2":"type-product","3":"status-publish","4":"has-post-thumbnail","6":"product_author-andrea-jofre","7":"product_author-anna-carreras","8":"product_author-carme-torras","9":"product_author-ines-macpherson","10":"product_author-jordi-maso","11":"product_author-pep-prieto","12":"product_author-ramon-mas","13":"product_author-salvador-macip","14":"product_author-silvia-broome","15":"product_author-victor-garcia-tur","16":"product_cat-cuentos","18":"first","19":"instock","20":"taxable","21":"shipping-taxable","22":"purchasable","23":"product-type-simple"},"featured_image_urls_v2":{"full":["https:\/\/apostroph.es\/wp-content\/uploads\/2021\/08\/PAPERCREMAT.jpg",973,1385,false],"thumbnail":["https:\/\/apostroph.es\/wp-content\/uploads\/2021\/08\/PAPERCREMAT-150x150.jpg",150,150,true],"medium":["https:\/\/apostroph.es\/wp-content\/uploads\/2021\/08\/PAPERCREMAT-211x300.jpg",211,300,true],"medium_large":["https:\/\/apostroph.es\/wp-content\/uploads\/2021\/08\/PAPERCREMAT-768x1093.jpg",768,1093,true],"large":["https:\/\/apostroph.es\/wp-content\/uploads\/2021\/08\/PAPERCREMAT-719x1024.jpg",719,1024,true],"1536x1536":["https:\/\/apostroph.es\/wp-content\/uploads\/2021\/08\/PAPERCREMAT.jpg",973,1385,false],"2048x2048":["https:\/\/apostroph.es\/wp-content\/uploads\/2021\/08\/PAPERCREMAT.jpg",973,1385,false],"trp-custom-language-flag":["https:\/\/apostroph.es\/wp-content\/uploads\/2021\/08\/PAPERCREMAT-8x12.jpg",8,12,true],"mailpoet_newsletter_max":["https:\/\/apostroph.es\/wp-content\/uploads\/2021\/08\/PAPERCREMAT.jpg",973,1385,false],"woocommerce_thumbnail":["https:\/\/apostroph.es\/wp-content\/uploads\/2021\/08\/PAPERCREMAT-600x854.jpg",600,854,true],"woocommerce_single":["https:\/\/apostroph.es\/wp-content\/uploads\/2021\/08\/PAPERCREMAT-600x854.jpg",600,854,true],"woocommerce_gallery_thumbnail":["https:\/\/apostroph.es\/wp-content\/uploads\/2021\/08\/PAPERCREMAT-100x100.jpg",100,100,true]},"post_excerpt_stackable_v2":"<p><em><strong>Versi\u00f3n en catal\u00e1n<\/strong><\/em><\/p>\n<p>10 cuentos para 100 a\u00f1os de Ray Bradbury. . Los relatos que leer\u00e9is en esta selecci\u00f3n os acompa\u00f1ar\u00e1n las emociones y reflexiones cuando todo esto pase, porque est\u00e1n conectadas de una manera que cuesta imaginar. Encontrar\u00e9is angustia, desconcierto, miedo, terror, escalofr\u00edo, tristeza, resignaci\u00f3n y una buena dosis de esperanza y confianza en el futuro. Estos cuentos, como el mismo Ray Bradbury, nos presentan mundos posibles que parecen imposibles y nos confrontan con nosotros mismos.<\/p>\n","category_list_v2":"","author_info_v2":{"name":"","url":""},"comments_num_v2":"0 comentarios","_links":{"self":[{"href":"https:\/\/apostroph.es\/es\/wp-json\/wp\/v2\/product\/2087","targetHints":{"allow":["GET"]}}],"collection":[{"href":"https:\/\/apostroph.es\/es\/wp-json\/wp\/v2\/product"}],"about":[{"href":"https:\/\/apostroph.es\/es\/wp-json\/wp\/v2\/types\/product"}],"wp:featuredmedia":[{"embeddable":true,"href":"https:\/\/apostroph.es\/es\/wp-json\/wp\/v2\/media\/2088"}],"wp:attachment":[{"href":"https:\/\/apostroph.es\/es\/wp-json\/wp\/v2\/media?parent=2087"}],"wp:term":[{"taxonomy":"product_brand","embeddable":true,"href":"https:\/\/apostroph.es\/es\/wp-json\/wp\/v2\/product_brand?post=2087"},{"taxonomy":"product_cat","embeddable":true,"href":"https:\/\/apostroph.es\/es\/wp-json\/wp\/v2\/product_cat?post=2087"},{"taxonomy":"product_tag","embeddable":true,"href":"https:\/\/apostroph.es\/es\/wp-json\/wp\/v2\/product_tag?post=2087"}],"curies":[{"name":"wp","href":"https:\/\/api.w.org\/{rel}","templated":true}]}}