{"id":2107,"date":"2021-08-21T00:54:12","date_gmt":"2021-08-21T00:54:12","guid":{"rendered":"https:\/\/apostroph.es\/?post_type=product&#038;p=2107"},"modified":"2021-08-21T00:54:12","modified_gmt":"2021-08-21T00:54:12","slug":"lexplosio-de-capita-arenas","status":"publish","type":"product","link":"https:\/\/apostroph.es\/es\/product\/lexplosio-de-capita-arenas\/","title":{"rendered":"L&#8217;explosi\u00f3 de Capit\u00e0 Arenas"},"content":{"rendered":"<p>La noche del 6 de marzo de 1972 se derrumba un edificio de diez pisos en la calle Capit\u00e1n Arenas de Barcelona. En el siniestro pierden la vida dieciocho personas. Se intenta desviar la atenci\u00f3n de la opini\u00f3n p\u00fablica diciendo que la explosi\u00f3n est\u00e1 relacionada con un grupo de extrema derecha. La intenci\u00f3n: esconder una explosi\u00f3n de gas natural, de reciente y todav\u00eda deficiente implantaci\u00f3n, que est\u00e1 sustituyendo el gas ciudad, un producto mucho menos eficiente y m\u00e1s contaminante. Este caso puso de manifiesto la carencia de libertad de prensa y la intervenci\u00f3n del sector energ\u00e9tico sobre los medios de comunicaci\u00f3n. Desgraciadamente, los siguientes a\u00f1os hubo otras explosiones; la compa\u00f1\u00eda Gas Natural no pudo negar que su nuevo producto, el gas natural, era el responsable. Santiago Vilanova, que entonces era periodista y sigui\u00f3 todo el caso, acab\u00f3 procesado por criticar el indulto real a todos los encausados por aquellas explosiones y por el sobreseimiento de los sumarios abiertos. Ning\u00fan juicio oral nunca pudo explicar los or\u00edgenes de las explosiones, frustrando los derechos de los familiares de las v\u00edctimas.<\/p>\n","protected":false},"excerpt":{"rendered":"<p>Versi\u00f3n en catal\u00e1n<\/p>\n<p>L\u2019explosi\u00f3 de Capit\u00e0 Arenas es un documento ins\u00f3lito de como el control de los medios de comunicaci\u00f3n por parte de los oligopolios energ\u00e9ticos y las connivencias pol\u00edticas con la Justicia pueden silenciar la libertad de expresi\u00f3n y manipularla, una cuesti\u00f3n que est\u00e1, hoy, casi medio siglo despu\u00e9s, de triste y permanente actualidad como ponen de manifiesto casos como el Castor, en las Tierras del Ebro. Santiago Vilanova describe, con tonos de thriller y , la trama del gas natural en la Barcelona preol\u00edmpica.<\/p>\n","protected":false},"featured_media":2108,"template":"","meta":{"ub_ctt_via":""},"product_brand":[],"product_cat":[213],"product_tag":[],"class_list":{"0":"post-2107","1":"product","2":"type-product","3":"status-publish","4":"has-post-thumbnail","6":"product_author-santiago-vilanova","7":"product_cat-ensayo","9":"first","10":"instock","11":"taxable","12":"shipping-taxable","13":"purchasable","14":"product-type-simple"},"featured_image_urls_v2":{"full":["https:\/\/apostroph.es\/wp-content\/uploads\/2021\/08\/EXPLOSIO.jpg",973,1366,false],"thumbnail":["https:\/\/apostroph.es\/wp-content\/uploads\/2021\/08\/EXPLOSIO-150x150.jpg",150,150,true],"medium":["https:\/\/apostroph.es\/wp-content\/uploads\/2021\/08\/EXPLOSIO-214x300.jpg",214,300,true],"medium_large":["https:\/\/apostroph.es\/wp-content\/uploads\/2021\/08\/EXPLOSIO-768x1078.jpg",768,1078,true],"large":["https:\/\/apostroph.es\/wp-content\/uploads\/2021\/08\/EXPLOSIO-729x1024.jpg",729,1024,true],"1536x1536":["https:\/\/apostroph.es\/wp-content\/uploads\/2021\/08\/EXPLOSIO.jpg",973,1366,false],"2048x2048":["https:\/\/apostroph.es\/wp-content\/uploads\/2021\/08\/EXPLOSIO.jpg",973,1366,false],"trp-custom-language-flag":["https:\/\/apostroph.es\/wp-content\/uploads\/2021\/08\/EXPLOSIO-9x12.jpg",9,12,true],"mailpoet_newsletter_max":["https:\/\/apostroph.es\/wp-content\/uploads\/2021\/08\/EXPLOSIO.jpg",973,1366,false],"woocommerce_thumbnail":["https:\/\/apostroph.es\/wp-content\/uploads\/2021\/08\/EXPLOSIO-600x842.jpg",600,842,true],"woocommerce_single":["https:\/\/apostroph.es\/wp-content\/uploads\/2021\/08\/EXPLOSIO-600x842.jpg",600,842,true],"woocommerce_gallery_thumbnail":["https:\/\/apostroph.es\/wp-content\/uploads\/2021\/08\/EXPLOSIO-100x100.jpg",100,100,true]},"post_excerpt_stackable_v2":"<p><em><strong>Versi\u00f3n en catal\u00e1n<\/strong><\/em><\/p>\n<p><em>L\u2019explosi\u00f3 de Capit\u00e0 Arenas<\/em> es un documento ins\u00f3lito de como el control de los medios de comunicaci\u00f3n por parte de los oligopolios energ\u00e9ticos y las connivencias pol\u00edticas con la Justicia pueden silenciar la libertad de expresi\u00f3n y manipularla, una cuesti\u00f3n que est\u00e1, hoy, casi medio siglo despu\u00e9s, de triste y permanente actualidad como ponen de manifiesto casos como el Castor, en las Tierras del Ebro. Santiago Vilanova describe, con tonos de thriller y , la trama del gas natural en la Barcelona preol\u00edmpica.<\/p>\n","category_list_v2":"","author_info_v2":{"name":"","url":""},"comments_num_v2":"0 comentarios","_links":{"self":[{"href":"https:\/\/apostroph.es\/es\/wp-json\/wp\/v2\/product\/2107","targetHints":{"allow":["GET"]}}],"collection":[{"href":"https:\/\/apostroph.es\/es\/wp-json\/wp\/v2\/product"}],"about":[{"href":"https:\/\/apostroph.es\/es\/wp-json\/wp\/v2\/types\/product"}],"wp:featuredmedia":[{"embeddable":true,"href":"https:\/\/apostroph.es\/es\/wp-json\/wp\/v2\/media\/2108"}],"wp:attachment":[{"href":"https:\/\/apostroph.es\/es\/wp-json\/wp\/v2\/media?parent=2107"}],"wp:term":[{"taxonomy":"product_brand","embeddable":true,"href":"https:\/\/apostroph.es\/es\/wp-json\/wp\/v2\/product_brand?post=2107"},{"taxonomy":"product_cat","embeddable":true,"href":"https:\/\/apostroph.es\/es\/wp-json\/wp\/v2\/product_cat?post=2107"},{"taxonomy":"product_tag","embeddable":true,"href":"https:\/\/apostroph.es\/es\/wp-json\/wp\/v2\/product_tag?post=2107"}],"curies":[{"name":"wp","href":"https:\/\/api.w.org\/{rel}","templated":true}]}}