{"id":2110,"date":"2021-08-21T01:08:07","date_gmt":"2021-08-21T01:08:07","guid":{"rendered":"https:\/\/apostroph.es\/?post_type=product&#038;p=2110"},"modified":"2021-08-21T01:08:07","modified_gmt":"2021-08-21T01:08:07","slug":"el-precio-de-ser-madre","status":"publish","type":"product","link":"https:\/\/apostroph.es\/es\/product\/el-precio-de-ser-madre\/","title":{"rendered":"El precio de ser madre"},"content":{"rendered":"<p>Desde 2009, los tratamientos de reproducci\u00f3n humana han crecido de manera exponencial en Espa\u00f1a. Esto se debe al retraso de la maternidad propio del capitalismo tard\u00edo en general, y a la crisis econ\u00f3mica global de 2008 en particular. Pero la crisis y las formas de vida impl\u00edcitas en este capitalismo no son el \u00fanico motivo del auge de la reproducci\u00f3n asistida en Espa\u00f1a. Muchos de estos tratamientos requieren del uso de espermatozoides y \u00f3vulos donados y, a diferencia de lo que ocurre en la mayor\u00eda de los pa\u00edses de la Uni\u00f3n Europea, en Espa\u00f1a la donaci\u00f3n es an\u00f3nima. El anonimato anima a muchas mujeres a donar \u00f3vulos a cambio de una recompensa de 1.200 euros, y el excedente provoca que muchas receptoras de toda Europa y tambi\u00e9n del Norte de \u00c1frica vengan a Espa\u00f1a a inseminarse. El m\u00e1ximo de criaturas nacidas de los \u00f3vulos de cada donante es seis, cifra que se deber\u00eda controlar mediante un registro estatal y europeo que hace muchos a\u00f1os que est\u00e1 aprobado pero que no se ha creado todav\u00eda. En nuestro pa\u00eds, si acude a varias cl\u00ednicas diferentes, una mujer puede dar tantas veces como quiera, ya sea por altruismo, por la recompensa econ\u00f3mica o por ambos motivos.<\/p>\n<p>Casi todas las cl\u00ednicas de reproducci\u00f3n asistida son privadas. La puesta en marcha del registro no conviene a muchas de ellas, del mismo modo que a otras tampoco les convendr\u00eda el cese del anonimato. Sin garant\u00eda de anonimato, las donantes se expondr\u00edan a que las criaturas nacidas de sus \u00f3vulos pudieran ponerse en contacto con ellas al alcanzar la mayor\u00eda de edad, como ocurre en otros pa\u00edses. El derecho a conocer los propios or\u00edgenes consta en la Declaraci\u00f3n de los Derechos Humanos y en la Constituci\u00f3n Espa\u00f1ola, y las donaciones an\u00f3nimas contradicen la legislaci\u00f3n nacional e internacional. Sin embargo, la ovodonaci\u00f3n y los tratamientos de reproducci\u00f3n asistida son cada vez m\u00e1s frecuentes en una sociedad cada vez menos f\u00e9rtil que aplaza la maternidad tanto como puede. Estos tratamientos forman parte del presente y del futuro. La reproducci\u00f3n asistida permite que muchas mujeres que no pueden ser madres y lo desean, puedan serlo, pero la actividad del sector plantea muchos interrogantes que como sociedad debemos responder. \u00bfQu\u00e9 hacemos con los m\u00e1s de 70.000 embriones congelados que hay solo en Catalu\u00f1a? \u00bfHay que seguir hablando de ovodonaci\u00f3n o deber\u00edamos hablar abiertamente de compra y venta de \u00f3vulos? \u00bfC\u00f3mo garantizamos que la donaci\u00f3n sea justa y no una salida econ\u00f3mica desesperada para chicas j\u00f3venes y precarias que venden su fertilidad? \u00bfHasta qu\u00e9 punto deber\u00edamos poder manipular la gen\u00e9tica de los hijos fruto de la reproducci\u00f3n asistida? \u00bfCu\u00e1les son los riesgos reales de la exposici\u00f3n repetida al imprescindible tratamiento hormonal para llevar a cabo cualquier ciclo de donaci\u00f3n? \u00bfDeber\u00edamos replantearnos el imperativo de esta maternidad a cualquier precio o por el contrario debemos dar v\u00eda libre a los avances de un sector en auge?<\/p>\n","protected":false},"excerpt":{"rendered":"<p>Versi\u00f3n en castellano<\/p>\n<p>El precio de ser madre es un ensayo period\u00edstico que se adentra en la realidad de la donaci\u00f3n de \u00f3vulos. Documenta el proceso de donaci\u00f3n, el funcionamiento de las cl\u00ednicas, el trasfondo econ\u00f3mico y lucrativo, las presiones, el sufrimiento y las secuelas de las donantes, entre otros aspectos de inter\u00e9s. Escrito por la periodista J\u00falia Bacardit.<\/p>\n","protected":false},"featured_media":2111,"template":"","meta":{"ub_ctt_via":""},"product_brand":[],"product_cat":[213],"product_tag":[],"class_list":{"0":"post-2110","1":"product","2":"type-product","3":"status-publish","4":"has-post-thumbnail","6":"product_author-julia-bacardit","7":"product_cat-ensayo","9":"first","10":"instock","11":"taxable","12":"shipping-taxable","13":"purchasable","14":"product-type-simple"},"featured_image_urls_v2":{"full":["https:\/\/apostroph.es\/wp-content\/uploads\/2021\/08\/ELPRECIODESERMADRE.jpg",973,1363,false],"thumbnail":["https:\/\/apostroph.es\/wp-content\/uploads\/2021\/08\/ELPRECIODESERMADRE-150x150.jpg",150,150,true],"medium":["https:\/\/apostroph.es\/wp-content\/uploads\/2021\/08\/ELPRECIODESERMADRE-214x300.jpg",214,300,true],"medium_large":["https:\/\/apostroph.es\/wp-content\/uploads\/2021\/08\/ELPRECIODESERMADRE-768x1076.jpg",768,1076,true],"large":["https:\/\/apostroph.es\/wp-content\/uploads\/2021\/08\/ELPRECIODESERMADRE-731x1024.jpg",731,1024,true],"1536x1536":["https:\/\/apostroph.es\/wp-content\/uploads\/2021\/08\/ELPRECIODESERMADRE.jpg",973,1363,false],"2048x2048":["https:\/\/apostroph.es\/wp-content\/uploads\/2021\/08\/ELPRECIODESERMADRE.jpg",973,1363,false],"trp-custom-language-flag":["https:\/\/apostroph.es\/wp-content\/uploads\/2021\/08\/ELPRECIODESERMADRE-9x12.jpg",9,12,true],"mailpoet_newsletter_max":["https:\/\/apostroph.es\/wp-content\/uploads\/2021\/08\/ELPRECIODESERMADRE.jpg",973,1363,false],"woocommerce_thumbnail":["https:\/\/apostroph.es\/wp-content\/uploads\/2021\/08\/ELPRECIODESERMADRE-600x840.jpg",600,840,true],"woocommerce_single":["https:\/\/apostroph.es\/wp-content\/uploads\/2021\/08\/ELPRECIODESERMADRE-600x840.jpg",600,840,true],"woocommerce_gallery_thumbnail":["https:\/\/apostroph.es\/wp-content\/uploads\/2021\/08\/ELPRECIODESERMADRE-100x100.jpg",100,100,true]},"post_excerpt_stackable_v2":"<p><em><strong>Versi\u00f3n en castellano<\/strong><\/em><\/p>\n<p><em>El precio de ser madre<\/em> es un ensayo period\u00edstico que se adentra en la realidad de la donaci\u00f3n de \u00f3vulos. Documenta el proceso de donaci\u00f3n, el funcionamiento de las cl\u00ednicas, el trasfondo econ\u00f3mico y lucrativo, las presiones, el sufrimiento y las secuelas de las donantes, entre otros aspectos de inter\u00e9s. Escrito por la periodista J\u00falia Bacardit.<\/p>\n","category_list_v2":"","author_info_v2":{"name":"","url":""},"comments_num_v2":"0 comentarios","_links":{"self":[{"href":"https:\/\/apostroph.es\/es\/wp-json\/wp\/v2\/product\/2110","targetHints":{"allow":["GET"]}}],"collection":[{"href":"https:\/\/apostroph.es\/es\/wp-json\/wp\/v2\/product"}],"about":[{"href":"https:\/\/apostroph.es\/es\/wp-json\/wp\/v2\/types\/product"}],"wp:featuredmedia":[{"embeddable":true,"href":"https:\/\/apostroph.es\/es\/wp-json\/wp\/v2\/media\/2111"}],"wp:attachment":[{"href":"https:\/\/apostroph.es\/es\/wp-json\/wp\/v2\/media?parent=2110"}],"wp:term":[{"taxonomy":"product_brand","embeddable":true,"href":"https:\/\/apostroph.es\/es\/wp-json\/wp\/v2\/product_brand?post=2110"},{"taxonomy":"product_cat","embeddable":true,"href":"https:\/\/apostroph.es\/es\/wp-json\/wp\/v2\/product_cat?post=2110"},{"taxonomy":"product_tag","embeddable":true,"href":"https:\/\/apostroph.es\/es\/wp-json\/wp\/v2\/product_tag?post=2110"}],"curies":[{"name":"wp","href":"https:\/\/api.w.org\/{rel}","templated":true}]}}