{"id":2124,"date":"2021-08-21T01:55:16","date_gmt":"2021-08-21T01:55:16","guid":{"rendered":"https:\/\/apostroph.es\/?post_type=product&#038;p=2124"},"modified":"2021-11-09T09:00:32","modified_gmt":"2021-11-09T09:00:32","slug":"bosnia-la-guerra-que-no-ens-van-explicar","status":"publish","type":"product","link":"https:\/\/apostroph.es\/es\/product\/bosnia-la-guerra-que-no-ens-van-explicar\/","title":{"rendered":"B\u00f2snia, la guerra que no ens van explicar"},"content":{"rendered":"<p>25 a\u00f1os despu\u00e9s del inicio del conflicto, este libro pretende desmontar el mito seg\u00fan el cual \u00e9sta fue una guerra \u00e9tnica. Y tambi\u00e9n, de hecho, la propia existencia de tres pueblos con grandes diferencias entre s\u00ed, la supuesta causa para justificar el \u201cconflicto inevitable\u201d: \u201cSi tres grupos aparentemente diferentes \u2015se pregunta el autor\u2015 hablan exactamente la misma lengua (en todo caso con diferencias como las que hay entre el catal\u00e1n y el valenciano), tienen unas costumbres muy similares y una cohabitaci\u00f3n desde hace siglos \u2026 \u00bfhasta qu\u00e9 punto se puede afirmar que son tres etnias diferenciadas? \u201c. En lugar de ello, el autor defiende que el elemento \u00e9tnico fue, precisamente, el pretexto de las \u00e9lites provenientes del sistema yugoslavo para perpetuarse en el poder, aunque fuera al precio de generar una guerra civil. El volumen pretende, en suma, demostrar c\u00f3mo las diferencias \u00e9tnico-culturales se amplificaron y estimular para justificar el conflicto.<\/p>\n","protected":false},"excerpt":{"rendered":"<p>Versi\u00f3n en catal\u00e1n<\/p>\n<p>La peor consecuencia de la Guerra de Bosnia, aparte de sus cien mil muertos, 35.000 desaparecidos y un mill\u00f3n largo de desplazados, fue la consolidaci\u00f3n de un pa\u00eds dividido en tres comunidades \u00e9tnicas y la desaparici\u00f3n de la noci\u00f3n de multietnicidad, el tesoro m\u00e1s preciado de \u201cla peque\u00f1a Yugoslavia\u201d, como se la hab\u00eda llegado a llamar para ser una reproducci\u00f3n en peque\u00f1o del estado creado por Tito.<\/p>\n","protected":false},"featured_media":2125,"template":"","meta":{"ub_ctt_via":""},"product_brand":[],"product_cat":[213],"product_tag":[],"class_list":{"0":"post-2124","1":"product","2":"type-product","3":"status-publish","4":"has-post-thumbnail","6":"product_author-joan-salicru","7":"product_cat-ensayo","9":"first","10":"instock","11":"taxable","12":"shipping-taxable","13":"purchasable","14":"product-type-simple"},"featured_image_urls_v2":{"full":["https:\/\/apostroph.es\/wp-content\/uploads\/2021\/08\/bosniaCAT.jpg",858,1200,false],"thumbnail":["https:\/\/apostroph.es\/wp-content\/uploads\/2021\/08\/bosniaCAT-150x150.jpg",150,150,true],"medium":["https:\/\/apostroph.es\/wp-content\/uploads\/2021\/08\/bosniaCAT-215x300.jpg",215,300,true],"medium_large":["https:\/\/apostroph.es\/wp-content\/uploads\/2021\/08\/bosniaCAT-768x1074.jpg",768,1074,true],"large":["https:\/\/apostroph.es\/wp-content\/uploads\/2021\/08\/bosniaCAT-732x1024.jpg",732,1024,true],"1536x1536":["https:\/\/apostroph.es\/wp-content\/uploads\/2021\/08\/bosniaCAT.jpg",858,1200,false],"2048x2048":["https:\/\/apostroph.es\/wp-content\/uploads\/2021\/08\/bosniaCAT.jpg",858,1200,false],"trp-custom-language-flag":["https:\/\/apostroph.es\/wp-content\/uploads\/2021\/08\/bosniaCAT-9x12.jpg",9,12,true],"mailpoet_newsletter_max":["https:\/\/apostroph.es\/wp-content\/uploads\/2021\/08\/bosniaCAT.jpg",858,1200,false],"woocommerce_thumbnail":["https:\/\/apostroph.es\/wp-content\/uploads\/2021\/08\/bosniaCAT-600x839.jpg",600,839,true],"woocommerce_single":["https:\/\/apostroph.es\/wp-content\/uploads\/2021\/08\/bosniaCAT-600x839.jpg",600,839,true],"woocommerce_gallery_thumbnail":["https:\/\/apostroph.es\/wp-content\/uploads\/2021\/08\/bosniaCAT-100x100.jpg",100,100,true]},"post_excerpt_stackable_v2":"<p><em><strong>Versi\u00f3n en catal\u00e1n<\/strong><\/em><\/p>\n<p>La peor consecuencia de la Guerra de Bosnia, aparte de sus cien mil muertos, 35.000 desaparecidos y un mill\u00f3n largo de desplazados, fue la consolidaci\u00f3n de un pa\u00eds dividido en tres comunidades \u00e9tnicas y la desaparici\u00f3n de la noci\u00f3n de multietnicidad, el tesoro m\u00e1s preciado de \u201cla peque\u00f1a Yugoslavia\u201d, como se la hab\u00eda llegado a llamar para ser una reproducci\u00f3n en peque\u00f1o del estado creado por Tito.<\/p>\n","category_list_v2":"","author_info_v2":{"name":"","url":""},"comments_num_v2":"0 comentarios","_links":{"self":[{"href":"https:\/\/apostroph.es\/es\/wp-json\/wp\/v2\/product\/2124","targetHints":{"allow":["GET"]}}],"collection":[{"href":"https:\/\/apostroph.es\/es\/wp-json\/wp\/v2\/product"}],"about":[{"href":"https:\/\/apostroph.es\/es\/wp-json\/wp\/v2\/types\/product"}],"wp:featuredmedia":[{"embeddable":true,"href":"https:\/\/apostroph.es\/es\/wp-json\/wp\/v2\/media\/2125"}],"wp:attachment":[{"href":"https:\/\/apostroph.es\/es\/wp-json\/wp\/v2\/media?parent=2124"}],"wp:term":[{"taxonomy":"product_brand","embeddable":true,"href":"https:\/\/apostroph.es\/es\/wp-json\/wp\/v2\/product_brand?post=2124"},{"taxonomy":"product_cat","embeddable":true,"href":"https:\/\/apostroph.es\/es\/wp-json\/wp\/v2\/product_cat?post=2124"},{"taxonomy":"product_tag","embeddable":true,"href":"https:\/\/apostroph.es\/es\/wp-json\/wp\/v2\/product_tag?post=2124"}],"curies":[{"name":"wp","href":"https:\/\/api.w.org\/{rel}","templated":true}]}}