{"id":2278,"date":"2022-01-19T00:12:50","date_gmt":"2022-01-19T00:12:50","guid":{"rendered":"https:\/\/apostroph.es\/?post_type=product&#038;p=2278"},"modified":"2023-01-19T18:31:50","modified_gmt":"2023-01-19T18:31:50","slug":"salvini-meloni-hijos-de-la-misma-rabia","status":"publish","type":"product","link":"https:\/\/apostroph.es\/es\/product\/salvini-meloni-hijos-de-la-misma-rabia\/","title":{"rendered":"Salvini &#038; Meloni: hijos de la misma rabia"},"content":{"rendered":"<p>\u00bfC\u00f3mo es posible que hoy dos partidos radicales ocupen todo el espacio de la derecha italiana? \u00bfQu\u00e9 entendemos por partidos radicales populistas de derecha? \u00bfQu\u00e9 los distingue de un partido de ultraderecha? \u00bfQu\u00e9 consecuencias tiene para Italia y Europa su apogeo y su m\u00e1s que posible acceso al gobierno itiano?<\/p>\n<p>Los partidos radicales de derechas son formaciones con tres caracter\u00edsticas b\u00e1sicas: nativismo, autoritarismo y populismo. La Lega de Matteo Salvini y el Fratelli d\u2019Italia de Giorgia Meloni re\u00fanen estas caracter\u00edsticas, pero sus or\u00edgenes son muy distintos. Aunque en la actualidad ambos partidos pueden considerarse derecha radical, sus antecesores provienen de tradiciones muy alejadas entre s\u00ed. Por un lado, la Lega proviene de la Lega Nord, un partido etnoregionalista del norte de Italia, es decir, una formaci\u00f3n con una fuerte impronta independentista, y un discurso \u00e9tnico dirigido hacia un enemigo interno \u2014Roma y el sur de Italia\u2014 y no tanto externo \u2014los inmigrantes. Por otro, Fratelli d\u2019Italia es heredera de Alleanza Nazionale, y \u00e9sta, a su vez, del Movimento Sociale Italiano (MSI), partido neofascista que reivindicaba el legado mussoliniano nacido tras la derrota de las potencias del Eje en la Segunda Guerra Mundial.<\/p>\n<p>Para entender c\u00f3mo hemos llegado a esta situaci\u00f3n debemos remontarnos a la primera gran crisis del sistema pol\u00edtico republicano en Italia. Un periodo que nos recuerda a la noci\u00f3n de crisis de autoridad descrita por Antonio Gramsci, en la que \u201cmuere lo viejo sin que termine de nacer lo nuevo, [\u2026] un interregno donde ocurren los m\u00e1s diversos fen\u00f3menos morbosos\u201d.<\/p>\n<p>A comienzos de los a\u00f1os noventa del siglo pasado, a casi un siglo de la muerte de Gramsci, Italia atravesar\u00eda una crisis que parec\u00eda salida de su pluma. La mayor\u00eda de los dirigentes pol\u00edticos italianos se vieron implicados en una trama de corrupci\u00f3n que les oblig\u00f3 a dejar la pol\u00edtica y entre 1992 y 1994 el pa\u00eds se vio sumergido en un interregno del que emerger\u00edan los m\u00e1s diversos fen\u00f3menos. Silvio Berlusconi, la Lega Nord de Umberto Bossi y la Alleanza Nazionale de Gianfranco Fini fueron las primeras consecuencias de esta crisis. Despu\u00e9s vendr\u00edan Matteo Salvini, el Movimento 5 Stelle, y, por \u00faltimo, Giorgia Meloni. Y es que casi treinta a\u00f1os despu\u00e9s, los ecos de Tangentopoli siguen resonando en el laboratorio pol\u00edtico italiano.<\/p>\n<h1><\/h1>\n","protected":false},"excerpt":{"rendered":"<p>Versi\u00f3n en castellano<\/p>\n<p>Este libro describe el proceso pol\u00edtico que ha transformado Italia durante los \u00faltimos 40 a\u00f1os y ha llevado la derecha radical, heredera de la extrema derecha, a poder gobernar el pa\u00eds.\u00a0 Matteo Salvini y Giorgia Meloni son los hijos de un nuevo siglo en el que la derecha radical parece que avanza inexorablemente hacia el gobierno. Salvini ya estuvo en el poder, Meloni tambi\u00e9n, hace m\u00e1s de diez a\u00f1os, de la mano de Silvio Berlusconi. Hoy, todo indica que podr\u00edan gobernar sin el apoyo de la Forza Italia de Berlusconi.<\/p>\n","protected":false},"featured_media":2279,"template":"","meta":{"ub_ctt_via":""},"product_brand":[],"product_cat":[213],"product_tag":[],"class_list":{"0":"post-2278","1":"product","2":"type-product","3":"status-publish","4":"has-post-thumbnail","6":"product_author-daniel-v-guisado","7":"product_author-jaime-bordel","8":"product_cat-ensayo","10":"first","11":"instock","12":"taxable","13":"shipping-taxable","14":"purchasable","15":"product-type-simple"},"featured_image_urls_v2":{"full":["https:\/\/apostroph.es\/wp-content\/uploads\/2022\/01\/cubiertaitalia.jpg",885,1276,false],"thumbnail":["https:\/\/apostroph.es\/wp-content\/uploads\/2022\/01\/cubiertaitalia-150x150.jpg",150,150,true],"medium":["https:\/\/apostroph.es\/wp-content\/uploads\/2022\/01\/cubiertaitalia-208x300.jpg",208,300,true],"medium_large":["https:\/\/apostroph.es\/wp-content\/uploads\/2022\/01\/cubiertaitalia-768x1107.jpg",768,1107,true],"large":["https:\/\/apostroph.es\/wp-content\/uploads\/2022\/01\/cubiertaitalia-710x1024.jpg",710,1024,true],"1536x1536":["https:\/\/apostroph.es\/wp-content\/uploads\/2022\/01\/cubiertaitalia.jpg",885,1276,false],"2048x2048":["https:\/\/apostroph.es\/wp-content\/uploads\/2022\/01\/cubiertaitalia.jpg",885,1276,false],"trp-custom-language-flag":["https:\/\/apostroph.es\/wp-content\/uploads\/2022\/01\/cubiertaitalia-8x12.jpg",8,12,true],"mailpoet_newsletter_max":["https:\/\/apostroph.es\/wp-content\/uploads\/2022\/01\/cubiertaitalia.jpg",885,1276,false],"woocommerce_thumbnail":["https:\/\/apostroph.es\/wp-content\/uploads\/2022\/01\/cubiertaitalia-600x865.jpg",600,865,true],"woocommerce_single":["https:\/\/apostroph.es\/wp-content\/uploads\/2022\/01\/cubiertaitalia-600x865.jpg",600,865,true],"woocommerce_gallery_thumbnail":["https:\/\/apostroph.es\/wp-content\/uploads\/2022\/01\/cubiertaitalia-100x100.jpg",100,100,true]},"post_excerpt_stackable_v2":"<p><em><strong>Versi\u00f3n en castellano<\/strong><\/em><\/p>\n<p>Este libro describe el proceso pol\u00edtico que ha transformado Italia durante los \u00faltimos 40 a\u00f1os y ha llevado la derecha radical, heredera de la extrema derecha, a poder gobernar el pa\u00eds.\u00a0 Matteo Salvini y Giorgia Meloni son los hijos de un nuevo siglo en el que la derecha radical parece que avanza inexorablemente hacia el gobierno. Salvini ya estuvo en el poder, Meloni tambi\u00e9n, hace m\u00e1s de diez a\u00f1os, de la mano de Silvio Berlusconi. Hoy, todo indica que podr\u00edan gobernar sin el apoyo de la Forza Italia de Berlusconi.<\/p>\n","category_list_v2":"","author_info_v2":{"name":"","url":""},"comments_num_v2":"0 comentarios","_links":{"self":[{"href":"https:\/\/apostroph.es\/es\/wp-json\/wp\/v2\/product\/2278","targetHints":{"allow":["GET"]}}],"collection":[{"href":"https:\/\/apostroph.es\/es\/wp-json\/wp\/v2\/product"}],"about":[{"href":"https:\/\/apostroph.es\/es\/wp-json\/wp\/v2\/types\/product"}],"wp:featuredmedia":[{"embeddable":true,"href":"https:\/\/apostroph.es\/es\/wp-json\/wp\/v2\/media\/2279"}],"wp:attachment":[{"href":"https:\/\/apostroph.es\/es\/wp-json\/wp\/v2\/media?parent=2278"}],"wp:term":[{"taxonomy":"product_brand","embeddable":true,"href":"https:\/\/apostroph.es\/es\/wp-json\/wp\/v2\/product_brand?post=2278"},{"taxonomy":"product_cat","embeddable":true,"href":"https:\/\/apostroph.es\/es\/wp-json\/wp\/v2\/product_cat?post=2278"},{"taxonomy":"product_tag","embeddable":true,"href":"https:\/\/apostroph.es\/es\/wp-json\/wp\/v2\/product_tag?post=2278"}],"curies":[{"name":"wp","href":"https:\/\/api.w.org\/{rel}","templated":true}]}}