{"id":2394,"date":"2022-04-11T18:09:56","date_gmt":"2022-04-11T18:09:56","guid":{"rendered":"https:\/\/apostroph.es\/?post_type=product&#038;p=2394"},"modified":"2022-09-07T17:51:23","modified_gmt":"2022-09-07T17:51:23","slug":"ucraniadonbass","status":"publish","type":"product","link":"https:\/\/apostroph.es\/es\/product\/ucraniadonbass\/","title":{"rendered":"Ucrania\/Donbass: Una renovada Guerra Fr\u00eda"},"content":{"rendered":"<p>En 2014 Donetsk y Lugansk, las dos regiones ucranianas del Donbass (la cuenca del r\u00edo Donets), se declararon independientes, estallando una cruenta guerra. Hoy todav\u00eda no se ha alcanzado una soluci\u00f3n al conflicto y las violaciones de los sucesivos alto el fuego han sido contantes.<\/p>\n<p>Desde entonces los separatistas prorrusos \u2014apoyados por Mosc\u00fa\u2014 que reivindican su identidad se han enfrentado con el gobierno ucraniano, que cuenta con el apoyo de organizaciones pol\u00edticas y paramilitares nacionalistas.<\/p>\n<p>Este conflicto ha modificado las relaciones entre Ucrania y Rusia marcando una ruptura en algunas \u00e1reas: se prohibieron los vuelos directos entre ambos pa\u00edses, hubo una marcada ca\u00edda de las relaciones comerciales y, en 2019, la reforma constitucional estableci\u00f3 como objetivo estrat\u00e9gico de Ucrania la incorporaci\u00f3n a la Uni\u00f3n Europea (UE) y a la Organizaci\u00f3n del Tratado del Atl\u00e1ntico Norte (OTAN). Esta aproximaci\u00f3n a Occidente ha desatado el actual estado de renovada Guerra Fr\u00eda.<\/p>\n<p>El periodista argentino\u00a0<strong>Ignacio Hutin<\/strong>\u00a0lleg\u00f3 a la regi\u00f3n de Donbass, dominada por los independentistas rus\u00f3filos. Una vez all\u00ed, sobre el terreno, comenz\u00f3 a investigar el d\u00eda a d\u00eda de las autoproclamadas Rep\u00fablicas Populares de Donetsk (RPD) y Lugansk (RPL).<\/p>\n<p>En su periplo tuvo la oportunidad de visitar las trincheras y el frente de los combates que separan a los rebeldes de las fuerzas del gobierno ucraniano a escasos 500 metros.<\/p>\n<p><strong>Este ensayo recoge sus entrevistas y observaciones sobre el conflicto.<\/strong><\/p>\n<hr \/>\n<h1><span style=\"color: #ff0000;\">Este libro ha sido posible gracias a<\/span><\/h1>\n","protected":false},"excerpt":{"rendered":"<p>Ucrania es un pa\u00eds dividido. Desde la disoluci\u00f3n sovi\u00e9tica y la independencia de Ucrania en 1991, el este y el sur del pa\u00eds es mayoritariamente prorruso mientras que el oeste y el norte es prooccidental. En el este se habla ruso, la identidad se vincula a la industria, a las ciudades, a la Iglesia Ortodoxa rusa. Por el contrario, en el oeste predomina el idioma ucraniano y la identidad est\u00e1 ligada a la agricultura y al campo.<\/p>\n","protected":false},"featured_media":2409,"template":"","meta":{"ub_ctt_via":""},"product_brand":[],"product_cat":[213],"product_tag":[],"class_list":{"0":"post-2394","1":"product","2":"type-product","3":"status-publish","4":"has-post-thumbnail","6":"product_author-ignacio-hutin","7":"product_cat-ensayo","9":"first","10":"instock","11":"taxable","12":"shipping-taxable","13":"purchasable","14":"product-type-simple"},"featured_image_urls_v2":{"full":["https:\/\/apostroph.es\/wp-content\/uploads\/2022\/04\/COBERTA-UCRANIA-DONBASS.jpg",1071,1500,false],"thumbnail":["https:\/\/apostroph.es\/wp-content\/uploads\/2022\/04\/COBERTA-UCRANIA-DONBASS-150x150.jpg",150,150,true],"medium":["https:\/\/apostroph.es\/wp-content\/uploads\/2022\/04\/COBERTA-UCRANIA-DONBASS-214x300.jpg",214,300,true],"medium_large":["https:\/\/apostroph.es\/wp-content\/uploads\/2022\/04\/COBERTA-UCRANIA-DONBASS-768x1076.jpg",768,1076,true],"large":["https:\/\/apostroph.es\/wp-content\/uploads\/2022\/04\/COBERTA-UCRANIA-DONBASS-731x1024.jpg",731,1024,true],"1536x1536":["https:\/\/apostroph.es\/wp-content\/uploads\/2022\/04\/COBERTA-UCRANIA-DONBASS.jpg",1071,1500,false],"2048x2048":["https:\/\/apostroph.es\/wp-content\/uploads\/2022\/04\/COBERTA-UCRANIA-DONBASS.jpg",1071,1500,false],"trp-custom-language-flag":["https:\/\/apostroph.es\/wp-content\/uploads\/2022\/04\/COBERTA-UCRANIA-DONBASS-9x12.jpg",9,12,true],"mailpoet_newsletter_max":["https:\/\/apostroph.es\/wp-content\/uploads\/2022\/04\/COBERTA-UCRANIA-DONBASS.jpg",1071,1500,false],"woocommerce_thumbnail":["https:\/\/apostroph.es\/wp-content\/uploads\/2022\/04\/COBERTA-UCRANIA-DONBASS-600x840.jpg",600,840,true],"woocommerce_single":["https:\/\/apostroph.es\/wp-content\/uploads\/2022\/04\/COBERTA-UCRANIA-DONBASS-600x840.jpg",600,840,true],"woocommerce_gallery_thumbnail":["https:\/\/apostroph.es\/wp-content\/uploads\/2022\/04\/COBERTA-UCRANIA-DONBASS-100x100.jpg",100,100,true]},"post_excerpt_stackable_v2":"<p>Ucrania es un pa\u00eds dividido. Desde la disoluci\u00f3n sovi\u00e9tica y la independencia de Ucrania en 1991, el este y el sur del pa\u00eds es mayoritariamente prorruso mientras que el oeste y el norte es prooccidental. En el este se habla ruso, la identidad se vincula a la industria, a las ciudades, a la Iglesia Ortodoxa rusa. Por el contrario, en el oeste predomina el idioma ucraniano y la identidad est\u00e1 ligada a la agricultura y al campo.<\/p>\n","category_list_v2":"","author_info_v2":{"name":"","url":""},"comments_num_v2":"0 comentarios","_links":{"self":[{"href":"https:\/\/apostroph.es\/es\/wp-json\/wp\/v2\/product\/2394","targetHints":{"allow":["GET"]}}],"collection":[{"href":"https:\/\/apostroph.es\/es\/wp-json\/wp\/v2\/product"}],"about":[{"href":"https:\/\/apostroph.es\/es\/wp-json\/wp\/v2\/types\/product"}],"wp:featuredmedia":[{"embeddable":true,"href":"https:\/\/apostroph.es\/es\/wp-json\/wp\/v2\/media\/2409"}],"wp:attachment":[{"href":"https:\/\/apostroph.es\/es\/wp-json\/wp\/v2\/media?parent=2394"}],"wp:term":[{"taxonomy":"product_brand","embeddable":true,"href":"https:\/\/apostroph.es\/es\/wp-json\/wp\/v2\/product_brand?post=2394"},{"taxonomy":"product_cat","embeddable":true,"href":"https:\/\/apostroph.es\/es\/wp-json\/wp\/v2\/product_cat?post=2394"},{"taxonomy":"product_tag","embeddable":true,"href":"https:\/\/apostroph.es\/es\/wp-json\/wp\/v2\/product_tag?post=2394"}],"curies":[{"name":"wp","href":"https:\/\/api.w.org\/{rel}","templated":true}]}}