{"id":2455,"date":"2023-01-19T18:27:47","date_gmt":"2023-01-19T18:27:47","guid":{"rendered":"https:\/\/apostroph.es\/?post_type=product&#038;p=2455"},"modified":"2023-01-19T18:51:27","modified_gmt":"2023-01-19T18:51:27","slug":"el-sindicalista-infiltrado","status":"publish","type":"product","link":"https:\/\/apostroph.es\/es\/product\/el-sindicalista-infiltrado\/","title":{"rendered":"El sindicalista infiltrado"},"content":{"rendered":"<p><span style=\"font-size: 14pt;\"><strong>La nueva esclavitud<\/strong><\/span><\/p>\n<p><span style=\"font-size: 14pt;\">En Julio de 2019, Ra\u00fal Garc\u00eda Agudo, responsable de la sectorial de servicios de Comisiones Obreras en Valladolid en aquel momento, irrump\u00eda en las redes sociales y los medios de comunicaci\u00f3n con su infiltraci\u00f3n en el proceso de selecci\u00f3n de Glovo. Comparti\u00f3 por redes sociales los abusos y la precariedad laboral de los nuevos trabajos de la econom\u00eda de plataformas. Las noticias que se hicieron eco de la actuaci\u00f3n sindical de Ra\u00fal y de su denuncia de las condiciones de esclavitud de los riders de Glovo se refirieron a \u00e9l como \u201cEl sindicalista infiltrado\u201d. Pese a que la ley proh\u00edbe este maltrato laboral, los riders siguen sometidos a condiciones fraudulentas como falsos aut\u00f3nomos, y Glovo sigue sin reconocer la relaci\u00f3n laboral que mantiene con ellos. De esta forma, la empresa se salta la legislaci\u00f3n m\u00e1s reciente que obliga a contratar a los repartidores y reconocer que son trabajadores asalariados.<\/span><\/p>\n<p><span style=\"font-size: 14pt;\"><strong>Luchando contra la precariedad<\/strong><\/span><\/p>\n<p><span style=\"font-size: 14pt;\">Muchas de las personas que trabajan para empresas como Glovo son trabajadores precarios, en riesgo real de exclusi\u00f3n social, j\u00f3venes y migrantes. La labor de Ra\u00fal Garc\u00eda Agudo como sindicalista y la de todo su equipo ha sido y sigue siendo luchar en contra de la precariedad laboral que se ha instalado como normal en la vida de los espa\u00f1oles. Este ensayo nos muestra las condiciones extenuantes e indignas de trabajo, y lo que ocurre en este tipo de empresas para que la pr\u00f3xima vez que abramos la puerta a uno de estos riders sepamos perfectamente a la explotaci\u00f3n a la que est\u00e1 sometido diariamente.<\/span><\/p>\n","protected":false},"excerpt":{"rendered":"<p>Versi\u00f3n en castellano<\/p>\n<p>Por primera vez en Espa\u00f1a, un sindicalista se infiltra en el proceso de selecci\u00f3n de una de las grandes compa\u00f1\u00edas de la econom\u00eda de plataforma, la empresa de reparto Glovo.\u00a0Ra\u00fal Garc\u00eda Agudo, actual Delegado provincial de Comisiones Obreras en Valladolid, nos muestra las condiciones de trabajo de los riders, la no-relaci\u00f3n con la empresa, el proceso para conseguir que los trabajadores se sindicalicen y qu\u00e9 ha implicado la reciente \u00abLey Rider\u00bb \u2014el Real Decreto-ley 9\/2021\u2014 en sus condiciones de trabajo (y si esta se ha cumplido por parte de la empresa).<\/p>\n","protected":false},"featured_media":2457,"template":"","meta":{"ub_ctt_via":""},"product_brand":[],"product_cat":[213],"product_tag":[],"class_list":{"0":"post-2455","1":"product","2":"type-product","3":"status-publish","4":"has-post-thumbnail","6":"product_author-raul-garcia-agudo","7":"product_cat-ensayo","9":"first","10":"instock","11":"taxable","12":"shipping-taxable","13":"purchasable","14":"product-type-simple"},"featured_image_urls_v2":{"full":["https:\/\/apostroph.es\/wp-content\/uploads\/2023\/01\/cubierta.jpg",886,1241,false],"thumbnail":["https:\/\/apostroph.es\/wp-content\/uploads\/2023\/01\/cubierta-150x150.jpg",150,150,true],"medium":["https:\/\/apostroph.es\/wp-content\/uploads\/2023\/01\/cubierta-214x300.jpg",214,300,true],"medium_large":["https:\/\/apostroph.es\/wp-content\/uploads\/2023\/01\/cubierta-768x1076.jpg",768,1076,true],"large":["https:\/\/apostroph.es\/wp-content\/uploads\/2023\/01\/cubierta-731x1024.jpg",731,1024,true],"1536x1536":["https:\/\/apostroph.es\/wp-content\/uploads\/2023\/01\/cubierta.jpg",886,1241,false],"2048x2048":["https:\/\/apostroph.es\/wp-content\/uploads\/2023\/01\/cubierta.jpg",886,1241,false],"trp-custom-language-flag":["https:\/\/apostroph.es\/wp-content\/uploads\/2023\/01\/cubierta-9x12.jpg",9,12,true],"mailpoet_newsletter_max":["https:\/\/apostroph.es\/wp-content\/uploads\/2023\/01\/cubierta.jpg",886,1241,false],"woocommerce_thumbnail":["https:\/\/apostroph.es\/wp-content\/uploads\/2023\/01\/cubierta-600x840.jpg",600,840,true],"woocommerce_single":["https:\/\/apostroph.es\/wp-content\/uploads\/2023\/01\/cubierta-600x840.jpg",600,840,true],"woocommerce_gallery_thumbnail":["https:\/\/apostroph.es\/wp-content\/uploads\/2023\/01\/cubierta-100x100.jpg",100,100,true]},"post_excerpt_stackable_v2":"<p><strong>Versi\u00f3n en castellano<\/strong><\/p>\n<p><span style=\"font-size: 14pt; font-family: 'Barlow Condensed';\">Por primera vez en Espa\u00f1a, un sindicalista se infiltra en el proceso de selecci\u00f3n de una de las grandes compa\u00f1\u00edas de la econom\u00eda de plataforma, la empresa de reparto Glovo.\u00a0Ra\u00fal Garc\u00eda Agudo, actual Delegado provincial de Comisiones Obreras en Valladolid, nos muestra las condiciones de trabajo de los riders, la no-relaci\u00f3n con la empresa, el proceso para conseguir que los trabajadores se sindicalicen y qu\u00e9 ha implicado la reciente \u00abLey Rider\u00bb \u2014el Real Decreto-ley 9\/2021\u2014 en sus condiciones de trabajo (y si esta se ha cumplido por parte de la empresa).<\/span><\/p>\n","category_list_v2":"","author_info_v2":{"name":"","url":""},"comments_num_v2":"0 comentarios","_links":{"self":[{"href":"https:\/\/apostroph.es\/es\/wp-json\/wp\/v2\/product\/2455","targetHints":{"allow":["GET"]}}],"collection":[{"href":"https:\/\/apostroph.es\/es\/wp-json\/wp\/v2\/product"}],"about":[{"href":"https:\/\/apostroph.es\/es\/wp-json\/wp\/v2\/types\/product"}],"wp:featuredmedia":[{"embeddable":true,"href":"https:\/\/apostroph.es\/es\/wp-json\/wp\/v2\/media\/2457"}],"wp:attachment":[{"href":"https:\/\/apostroph.es\/es\/wp-json\/wp\/v2\/media?parent=2455"}],"wp:term":[{"taxonomy":"product_brand","embeddable":true,"href":"https:\/\/apostroph.es\/es\/wp-json\/wp\/v2\/product_brand?post=2455"},{"taxonomy":"product_cat","embeddable":true,"href":"https:\/\/apostroph.es\/es\/wp-json\/wp\/v2\/product_cat?post=2455"},{"taxonomy":"product_tag","embeddable":true,"href":"https:\/\/apostroph.es\/es\/wp-json\/wp\/v2\/product_tag?post=2455"}],"curies":[{"name":"wp","href":"https:\/\/api.w.org\/{rel}","templated":true}]}}