{"id":2471,"date":"2023-04-25T18:20:54","date_gmt":"2023-04-25T18:20:54","guid":{"rendered":"https:\/\/apostroph.es\/?post_type=product&#038;p=2471"},"modified":"2023-04-25T18:44:17","modified_gmt":"2023-04-25T18:44:17","slug":"los-anos-de-la-discordia-del-modelo-a-la-marca-barcelona","status":"publish","type":"product","link":"https:\/\/apostroph.es\/es\/product\/los-anos-de-la-discordia-del-modelo-a-la-marca-barcelona\/","title":{"rendered":"Los a\u00f1os de la discordia. Del Modelo a la Marca Barcelona"},"content":{"rendered":"<p>Las ciudades son, de forma simult\u00e1nea, objeto y causa de conflicto. No puede ser de otra manera considerando que en ella se dan intereses materiales y simb\u00f3licos dispares. El elitista proyecto de ciudad elaborado desde el Ayuntamiento durante a\u00f1os, primero como Modelo, luego como Marca, encontr\u00f3, no obstante, numerosas resistencias a la hora de plasmarse sobre el espacio. Desde el m\u00e1s notorio, y casi m\u00edtico, papel de las asociaciones de vecinos durante la d\u00e9cada de los setenta y principios de los ochenta, hasta llegar a las diversas asambleas, plataformas y colectivos aparecidos al calor del 15M, \u00e9stas consiguieron poner en jaque aquellas din\u00e1micas consideradas ajenas a sus m\u00e1s inmediatos intereses.<\/p>\n<p><em>Los a\u00f1os de la discordia<\/em> hace referencia, precisamente, al segundo de esos momentos, en el cual, en el marco de los ajustes llevados a cabo por el equipo municipal gobernante durante la Gran Recesi\u00f3n, la ciudad volvi\u00f3 a manifestar las contradicciones que supone su dise\u00f1o y construcci\u00f3n ignorando las demandas de las clases populares. En Barcelona, como en otras ciudades globales, se pone de manifiesto la tensi\u00f3n entre las visiones antag\u00f3nicas del modelo urbano de las \u00e9lites y de las clases populares.<\/p>\n","protected":false},"excerpt":{"rendered":"<p>Barcelona cuenta con una historia singular. A su pasado industrial hay que sumarle haberse convertido durante las \u00faltimas d\u00e9cadas en un laboratorio neoliberal de pr\u00e1cticas y pol\u00edticas urbanas.<\/p>\n","protected":false},"featured_media":2472,"template":"","meta":{"ub_ctt_via":""},"product_brand":[],"product_cat":[213],"product_tag":[],"class_list":{"0":"post-2471","1":"product","2":"type-product","3":"status-publish","4":"has-post-thumbnail","6":"product_author-jose-mansilla","7":"product_cat-ensayo","9":"first","10":"instock","11":"taxable","12":"shipping-taxable","13":"purchasable","14":"product-type-simple"},"featured_image_urls_v2":{"full":["https:\/\/apostroph.es\/wp-content\/uploads\/2023\/04\/Cubierta-DISCORDIA.jpg",857,1200,false],"thumbnail":["https:\/\/apostroph.es\/wp-content\/uploads\/2023\/04\/Cubierta-DISCORDIA-150x150.jpg",150,150,true],"medium":["https:\/\/apostroph.es\/wp-content\/uploads\/2023\/04\/Cubierta-DISCORDIA-214x300.jpg",214,300,true],"medium_large":["https:\/\/apostroph.es\/wp-content\/uploads\/2023\/04\/Cubierta-DISCORDIA-768x1075.jpg",768,1075,true],"large":["https:\/\/apostroph.es\/wp-content\/uploads\/2023\/04\/Cubierta-DISCORDIA-731x1024.jpg",731,1024,true],"1536x1536":["https:\/\/apostroph.es\/wp-content\/uploads\/2023\/04\/Cubierta-DISCORDIA.jpg",857,1200,false],"2048x2048":["https:\/\/apostroph.es\/wp-content\/uploads\/2023\/04\/Cubierta-DISCORDIA.jpg",857,1200,false],"trp-custom-language-flag":["https:\/\/apostroph.es\/wp-content\/uploads\/2023\/04\/Cubierta-DISCORDIA-9x12.jpg",9,12,true],"mailpoet_newsletter_max":["https:\/\/apostroph.es\/wp-content\/uploads\/2023\/04\/Cubierta-DISCORDIA.jpg",857,1200,false],"woocommerce_thumbnail":["https:\/\/apostroph.es\/wp-content\/uploads\/2023\/04\/Cubierta-DISCORDIA-600x840.jpg",600,840,true],"woocommerce_single":["https:\/\/apostroph.es\/wp-content\/uploads\/2023\/04\/Cubierta-DISCORDIA-600x840.jpg",600,840,true],"woocommerce_gallery_thumbnail":["https:\/\/apostroph.es\/wp-content\/uploads\/2023\/04\/Cubierta-DISCORDIA-100x100.jpg",100,100,true]},"post_excerpt_stackable_v2":"<p>Barcelona cuenta con una historia singular. A su pasado industrial hay que sumarle haberse convertido durante las \u00faltimas d\u00e9cadas en un laboratorio neoliberal de pr\u00e1cticas y pol\u00edticas urbanas.<\/p>\n","category_list_v2":"","author_info_v2":{"name":"","url":""},"comments_num_v2":"0 comentarios","_links":{"self":[{"href":"https:\/\/apostroph.es\/es\/wp-json\/wp\/v2\/product\/2471","targetHints":{"allow":["GET"]}}],"collection":[{"href":"https:\/\/apostroph.es\/es\/wp-json\/wp\/v2\/product"}],"about":[{"href":"https:\/\/apostroph.es\/es\/wp-json\/wp\/v2\/types\/product"}],"wp:featuredmedia":[{"embeddable":true,"href":"https:\/\/apostroph.es\/es\/wp-json\/wp\/v2\/media\/2472"}],"wp:attachment":[{"href":"https:\/\/apostroph.es\/es\/wp-json\/wp\/v2\/media?parent=2471"}],"wp:term":[{"taxonomy":"product_brand","embeddable":true,"href":"https:\/\/apostroph.es\/es\/wp-json\/wp\/v2\/product_brand?post=2471"},{"taxonomy":"product_cat","embeddable":true,"href":"https:\/\/apostroph.es\/es\/wp-json\/wp\/v2\/product_cat?post=2471"},{"taxonomy":"product_tag","embeddable":true,"href":"https:\/\/apostroph.es\/es\/wp-json\/wp\/v2\/product_tag?post=2471"}],"curies":[{"name":"wp","href":"https:\/\/api.w.org\/{rel}","templated":true}]}}